{"id":19789,"date":"2022-04-15T19:55:42","date_gmt":"2022-04-15T17:55:42","guid":{"rendered":"https:\/\/harulsuveran.ro\/?page_id=19789"},"modified":"2025-04-12T20:14:32","modified_gmt":"2025-04-12T18:14:32","slug":"proiecte-umanitare","status":"publish","type":"page","link":"https:\/\/harulsuveran.ro\/en\/proiecte-umanitare\/","title":{"rendered":"Humanitarian projects"},"content":{"rendered":"<div data-elementor-type=\"wp-page\" data-elementor-id=\"19789\" class=\"elementor elementor-19789\">\n\t\t\t\t\t\t<section class=\"elementor-section elementor-top-section elementor-element elementor-element-66dc8ab elementor-section-boxed elementor-section-height-default elementor-section-height-default\" data-id=\"66dc8ab\" data-element_type=\"section\">\n\t\t\t\t\t\t<div class=\"elementor-container elementor-column-gap-default\">\n\t\t\t\t\t<div class=\"elementor-column elementor-col-100 elementor-top-column elementor-element elementor-element-8c018b2\" data-id=\"8c018b2\" data-element_type=\"column\">\n\t\t\t<div class=\"elementor-widget-wrap elementor-element-populated\">\n\t\t\t\t\t\t<div class=\"elementor-element elementor-element-5b8b556 elementor-widget elementor-widget-heading\" data-id=\"5b8b556\" data-element_type=\"widget\" data-widget_type=\"heading.default\">\n\t\t\t\t<div class=\"elementor-widget-container\">\n\t\t\t\t\t<h3 class=\"elementor-heading-title elementor-size-default\">He that hath pity upon the poor lendeth unto the LORD; and that which he hath given will he pay him again.<\/h3>\t\t\t\t<\/div>\n\t\t\t\t<\/div>\n\t\t\t\t\t<\/div>\n\t\t<\/div>\n\t\t\t\t\t<\/div>\n\t\t<\/section>\n\t\t\t\t<section class=\"elementor-section elementor-top-section elementor-element elementor-element-9ff7769 elementor-section-boxed elementor-section-height-default elementor-section-height-default\" data-id=\"9ff7769\" data-element_type=\"section\">\n\t\t\t\t\t\t<div class=\"elementor-container elementor-column-gap-default\">\n\t\t\t\t\t<div class=\"elementor-column elementor-col-100 elementor-top-column elementor-element elementor-element-5db8ee2\" data-id=\"5db8ee2\" data-element_type=\"column\">\n\t\t\t<div class=\"elementor-widget-wrap elementor-element-populated\">\n\t\t\t\t\t\t<div class=\"elementor-element elementor-element-7c4b057 elementor-widget elementor-widget-heading\" data-id=\"7c4b057\" data-element_type=\"widget\" data-widget_type=\"heading.default\">\n\t\t\t\t<div class=\"elementor-widget-container\">\n\t\t\t\t\t<h4 class=\"elementor-heading-title elementor-size-default\">- Proverbs, 19:17<\/h4>\t\t\t\t<\/div>\n\t\t\t\t<\/div>\n\t\t\t\t\t<\/div>\n\t\t<\/div>\n\t\t\t\t\t<\/div>\n\t\t<\/section>\n\t\t\t\t<section class=\"elementor-section elementor-top-section elementor-element elementor-element-7d8e6ab elementor-section-boxed elementor-section-height-default elementor-section-height-default\" data-id=\"7d8e6ab\" data-element_type=\"section\">\n\t\t\t\t\t\t<div class=\"elementor-container elementor-column-gap-default\">\n\t\t\t\t\t<div class=\"elementor-column elementor-col-100 elementor-top-column elementor-element elementor-element-3502ab7\" data-id=\"3502ab7\" data-element_type=\"column\">\n\t\t\t<div class=\"elementor-widget-wrap elementor-element-populated\">\n\t\t\t\t\t\t<div class=\"elementor-element elementor-element-8387e19 elementor-widget-divider--view-line elementor-widget elementor-widget-divider\" data-id=\"8387e19\" data-element_type=\"widget\" data-widget_type=\"divider.default\">\n\t\t\t\t<div class=\"elementor-widget-container\">\n\t\t\t\t\t\t\t<div class=\"elementor-divider\">\n\t\t\t<span class=\"elementor-divider-separator\">\n\t\t\t\t\t\t<\/span>\n\t\t<\/div>\n\t\t\t\t\t\t<\/div>\n\t\t\t\t<\/div>\n\t\t\t\t\t<\/div>\n\t\t<\/div>\n\t\t\t\t\t<\/div>\n\t\t<\/section>\n\t\t\t\t<section class=\"elementor-section elementor-top-section elementor-element elementor-element-d7ab1b3 elementor-section-boxed elementor-section-height-default elementor-section-height-default\" data-id=\"d7ab1b3\" data-element_type=\"section\">\n\t\t\t\t\t\t<div class=\"elementor-container elementor-column-gap-default\">\n\t\t\t\t\t<div class=\"elementor-column elementor-col-100 elementor-top-column elementor-element elementor-element-2d96f2f\" data-id=\"2d96f2f\" data-element_type=\"column\">\n\t\t\t<div class=\"elementor-widget-wrap elementor-element-populated\">\n\t\t\t\t\t\t<div class=\"elementor-element elementor-element-aa669aa elementor-widget elementor-widget-text-editor\" data-id=\"aa669aa\" data-element_type=\"widget\" data-widget_type=\"text-editor.default\">\n\t\t\t\t<div class=\"elementor-widget-container\">\n\t\t\t\t\t\t\t\t\t<p>Although <span style=\"text-align: justify; color: var( --e-global-color-text ); font-weight: var( --e-global-typography-text-font-weight ); font-size: 1.125rem; background-color: var(--page-background-color); font-family: var(--text-font);\">the plan of the Lord Jesus for the Church, as illustrated in the Great Commission, is purely spiritual, we also learn from Scripture that in certain justified situations, a congregation must show love toward those who are in need and suffering.\u00a0<\/span><\/p><p>Love for our neighbor is one that is based on concrete actions (First Epistle of John, 3:18) and follows the divine model expressed by the Lord Christ in the parable of the Good Samaritan (Gospel of Luke, 10:36\u201337).<\/p><p>Every person who is born again is called to glorify God by resembling the Lord Christ in both character and actions. God is a merciful, generous, and giving God, who has taught us through Christ to follow in His footsteps.<\/p><p>As a Church, we believe that our testimony and love for our neighbor should be at the highest level\u2014higher even than the personal love shown individually by a single child of the Lord in the Kingdom. Thus, when there is a real need, and God blesses us with resources, we must help those in need, just as our Lord has taught us.<\/p><p>Our most recent aid project is related to the ongoing conflict in Ukraine. God has helped us gather resources, and we have been able to make them available to our brothers and sisters in Ukraine, as well as to those who are not yet our brothers and sisters in the Lord.<\/p><p>To stay updated on the latest news about the Ukraine aid project, please visit the dedicated page for <a href=\"https:\/\/harulsuveran.ro\/en\/ucraina\/\">the Ukraine relief effort<\/a>.<\/p>\t\t\t\t\t\t\t\t<\/div>\n\t\t\t\t<\/div>\n\t\t\t\t\t<\/div>\n\t\t<\/div>\n\t\t\t\t\t<\/div>\n\t\t<\/section>\n\t\t\t\t<\/div>","protected":false},"excerpt":{"rendered":"<p>Cine are mil\u0103 de s\u0103rac \u00eemprumut\u0103 pe Domnul, \u015fi El \u00eei va r\u0103spl\u0103ti binefacerea. &#8211; Proverbele, 19:17 De\u0219i planul Domnului<\/p>","protected":false},"author":1,"featured_media":0,"parent":0,"menu_order":0,"comment_status":"closed","ping_status":"closed","template":"","meta":{"footnotes":""},"class_list":["post-19789","page","type-page","status-publish","hentry","comments-off"],"_links":{"self":[{"href":"https:\/\/harulsuveran.ro\/en\/wp-json\/wp\/v2\/pages\/19789","targetHints":{"allow":["GET"]}}],"collection":[{"href":"https:\/\/harulsuveran.ro\/en\/wp-json\/wp\/v2\/pages"}],"about":[{"href":"https:\/\/harulsuveran.ro\/en\/wp-json\/wp\/v2\/types\/page"}],"author":[{"embeddable":true,"href":"https:\/\/harulsuveran.ro\/en\/wp-json\/wp\/v2\/users\/1"}],"replies":[{"embeddable":true,"href":"https:\/\/harulsuveran.ro\/en\/wp-json\/wp\/v2\/comments?post=19789"}],"version-history":[{"count":3,"href":"https:\/\/harulsuveran.ro\/en\/wp-json\/wp\/v2\/pages\/19789\/revisions"}],"predecessor-version":[{"id":19929,"href":"https:\/\/harulsuveran.ro\/en\/wp-json\/wp\/v2\/pages\/19789\/revisions\/19929"}],"wp:attachment":[{"href":"https:\/\/harulsuveran.ro\/en\/wp-json\/wp\/v2\/media?parent=19789"}],"curies":[{"name":"wp","href":"https:\/\/api.w.org\/{rel}","templated":true}]}}