{"id":19810,"date":"2022-04-15T20:21:52","date_gmt":"2022-04-15T18:21:52","guid":{"rendered":"https:\/\/harulsuveran.ro\/?page_id=19810"},"modified":"2022-04-15T20:21:52","modified_gmt":"2022-04-15T18:21:52","slug":"ucraina","status":"publish","type":"page","link":"https:\/\/harulsuveran.ro\/en\/ucraina\/","title":{"rendered":"Humanitarian project for Ukraine"},"content":{"rendered":"<div data-elementor-type=\"wp-page\" data-elementor-id=\"19810\" class=\"elementor elementor-19810\">\n\t\t\t\t\t\t<section class=\"elementor-section elementor-top-section elementor-element elementor-element-40731d7 elementor-section-boxed elementor-section-height-default elementor-section-height-default\" data-id=\"40731d7\" data-element_type=\"section\">\n\t\t\t\t\t\t<div class=\"elementor-container elementor-column-gap-default\">\n\t\t\t\t\t<div class=\"elementor-column elementor-col-100 elementor-top-column elementor-element elementor-element-266ac18\" data-id=\"266ac18\" data-element_type=\"column\">\n\t\t\t<div class=\"elementor-widget-wrap elementor-element-populated\">\n\t\t\t\t\t\t<div class=\"elementor-element elementor-element-a3110d8 elementor-widget elementor-widget-text-editor\" data-id=\"a3110d8\" data-element_type=\"widget\" data-widget_type=\"text-editor.default\">\n\t\t\t\t<div class=\"elementor-widget-container\">\n\t\t\t\t\t\t\t\t\t<p><span style=\"font-weight: 400;\">Cu ajutorul lui Dumnezeu, de la \u00eenceputul r\u0103zboiului, Adunarea noastr\u0103 este implicat\u0103 prin slujitorii s\u0103i \u00een ajutorarea cet\u0103\u021benilor Ucraineni. Al\u0103turi de noi particip\u0103 financiar mul\u021bi sfin\u021bi c\u00e2t \u0219i adun\u0103ri surori din diferite zone ale lumii.\u00a0<\/span><\/p><p><span style=\"font-weight: 400;\">\u00cempreun\u0103 cu bunurile materiale trimitem \u0219i literatur\u0103 de evanghelizare \u00een limba ucrainean\u0103. Numai \u00een primele 50 de zile ale r\u0103zboiului, contactele noastre din Ucraina ne-au distribuit bunurile materiale c\u00e2t \u0219i literatura la sute de cet\u0103\u021beni din diferite zone ale \u021b\u0103rii, din care amintim: Cern\u0103u\u021bi, Kiev, Irpin, Vini\u021ba, Kropewnicki, Dnepr etc.\u00a0<\/span><\/p><p><span style=\"font-weight: 400;\">Pentru detalii ale c\u0103l\u0103toriilor \u00een Ucraina accesa\u021bi rapoartele noastre:<\/span><\/p>\t\t\t\t\t\t\t\t<\/div>\n\t\t\t\t<\/div>\n\t\t\t\t\t<\/div>\n\t\t<\/div>\n\t\t\t\t\t<\/div>\n\t\t<\/section>\n\t\t\t\t<section class=\"elementor-section elementor-top-section elementor-element elementor-element-771a861 elementor-section-boxed elementor-section-height-default elementor-section-height-default\" data-id=\"771a861\" data-element_type=\"section\">\n\t\t\t\t\t\t<div class=\"elementor-container elementor-column-gap-default\">\n\t\t\t\t\t<div class=\"elementor-column elementor-col-100 elementor-top-column elementor-element elementor-element-6efc9d3\" data-id=\"6efc9d3\" data-element_type=\"column\">\n\t\t\t<div class=\"elementor-widget-wrap elementor-element-populated\">\n\t\t\t\t\t\t<div class=\"elementor-element elementor-element-2048b36 elementor-widget elementor-widget-heading\" data-id=\"2048b36\" data-element_type=\"widget\" data-widget_type=\"heading.default\">\n\t\t\t\t<div class=\"elementor-widget-container\">\n\t\t\t\t\t<h4 class=\"elementor-heading-title elementor-size-default\">1. Raport c\u0103l\u0103torie Solotvino: 12 martie 2022<\/h4>\t\t\t\t<\/div>\n\t\t\t\t<\/div>\n\t\t\t\t\t<\/div>\n\t\t<\/div>\n\t\t\t\t\t<\/div>\n\t\t<\/section>\n\t\t\t\t<section class=\"elementor-section elementor-top-section elementor-element elementor-element-4868f10 elementor-section-boxed elementor-section-height-default elementor-section-height-default\" data-id=\"4868f10\" data-element_type=\"section\">\n\t\t\t\t\t\t<div class=\"elementor-container elementor-column-gap-default\">\n\t\t\t\t\t<div class=\"elementor-column elementor-col-100 elementor-top-column elementor-element elementor-element-f819fa2\" data-id=\"f819fa2\" data-element_type=\"column\">\n\t\t\t<div class=\"elementor-widget-wrap elementor-element-populated\">\n\t\t\t\t\t\t<div class=\"elementor-element elementor-element-d72642c elementor-tabs-view-horizontal elementor-widget elementor-widget-tabs\" data-id=\"d72642c\" data-element_type=\"widget\" data-widget_type=\"tabs.default\">\n\t\t\t\t<div class=\"elementor-widget-container\">\n\t\t\t\t\t\t\t<div class=\"elementor-tabs\">\n\t\t\t<div class=\"elementor-tabs-wrapper\" role=\"tablist\" >\n\t\t\t\t\t\t\t\t\t<div id=\"elementor-tab-title-2251\" class=\"elementor-tab-title elementor-tab-desktop-title\" aria-selected=\"true\" data-tab=\"1\" role=\"tab\" tabindex=\"0\" aria-controls=\"elementor-tab-content-2251\" aria-expanded=\"false\">Raport cal\u0103torie<\/div>\n\t\t\t\t\t\t\t\t\t<div id=\"elementor-tab-title-2252\" class=\"elementor-tab-title elementor-tab-desktop-title\" aria-selected=\"false\" data-tab=\"2\" role=\"tab\" tabindex=\"-1\" aria-controls=\"elementor-tab-content-2252\" aria-expanded=\"false\">Raport financiar<\/div>\n\t\t\t\t\t\t\t<\/div>\n\t\t\t<div class=\"elementor-tabs-content-wrapper\" role=\"tablist\" aria-orientation=\"vertical\">\n\t\t\t\t\t\t\t\t\t<div class=\"elementor-tab-title elementor-tab-mobile-title\" aria-selected=\"true\" data-tab=\"1\" role=\"tab\" tabindex=\"0\" aria-controls=\"elementor-tab-content-2251\" aria-expanded=\"false\">Raport cal\u0103torie<\/div>\n\t\t\t\t\t<div id=\"elementor-tab-content-2251\" class=\"elementor-tab-content elementor-clearfix\" data-tab=\"1\" role=\"tabpanel\" aria-labelledby=\"elementor-tab-title-2251\" tabindex=\"0\" hidden=\"false\"><p>\u00cen primul r\u00e2nd, mul\u021bumim tuturor pentru rug\u0103ciunile voastre, pentru cuvintele de \u00eencurajare \u0219i pentru dona\u021biile mai mult dec\u00e2t generoase pentru aceast\u0103 cauz\u0103. Suntem pur \u0219i simplu impresiona\u021bi \u0219i cople\u0219i\u021bi de toate fondurile care au curs spre acest efort. Ne-a\u021bi \u00eencredin\u021bat multe \u00een grij\u0103 \u0219i resim\u021bim povara responsabilit\u0103\u021bii care vine \u00eempreun\u0103 cu aceast\u0103 cantitate mare de \u00eencredere \u0219i finan\u021be. Dup\u0103 cum \u0219ti\u021bi deja, fondurile vor fi cheltuite eficient, transparent, \u00een\u021belept.<\/p><p>V\u0103 mul\u021bumim tuturor pentru tot. Domnul s\u0103 fie glorificat prin aceast\u0103 lucrare \u0219i \u00cemp\u0103r\u0103\u021bia Sa s\u0103 fie proclamat\u0103 \u0219i extins\u0103!<\/p><p>Link raport complet: <a href=\"https:\/\/drive.google.com\/file\/d\/1KVPoNDo5PB4eEHSX30hMXKjWHpfxBB5Z\/view?usp=sharing\">https:\/\/drive.google.com\/file\/d\/1KVPoNDo5PB4eEHSX30hMXKjWHpfxBB5Z\/view?usp=sharing<\/a><\/p><\/div>\n\t\t\t\t\t\t\t\t\t<div class=\"elementor-tab-title elementor-tab-mobile-title\" aria-selected=\"false\" data-tab=\"2\" role=\"tab\" tabindex=\"-1\" aria-controls=\"elementor-tab-content-2252\" aria-expanded=\"false\">Raport financiar<\/div>\n\t\t\t\t\t<div id=\"elementor-tab-content-2252\" class=\"elementor-tab-content elementor-clearfix\" data-tab=\"2\" role=\"tabpanel\" aria-labelledby=\"elementor-tab-title-2252\" tabindex=\"0\" hidden=\"hidden\"><p>Link raport complet: <a href=\"https:\/\/drive.google.com\/file\/d\/1DYeb8hz9aRDLgOqCfIz46ssi3uzd88Rj\/view?usp=sharing\">https:\/\/drive.google.com\/file\/d\/1DYeb8hz9aRDLgOqCfIz46ssi3uzd88Rj\/view?usp=sharing<\/a><\/p><\/div>\n\t\t\t\t\t\t\t<\/div>\n\t\t<\/div>\n\t\t\t\t\t\t<\/div>\n\t\t\t\t<\/div>\n\t\t\t\t\t<\/div>\n\t\t<\/div>\n\t\t\t\t\t<\/div>\n\t\t<\/section>\n\t\t\t\t<section class=\"elementor-section elementor-top-section elementor-element elementor-element-c369c88 elementor-section-boxed elementor-section-height-default elementor-section-height-default\" data-id=\"c369c88\" data-element_type=\"section\">\n\t\t\t\t\t\t<div class=\"elementor-container elementor-column-gap-default\">\n\t\t\t\t\t<div class=\"elementor-column elementor-col-100 elementor-top-column elementor-element elementor-element-d95cb57\" data-id=\"d95cb57\" data-element_type=\"column\">\n\t\t\t<div class=\"elementor-widget-wrap elementor-element-populated\">\n\t\t\t\t\t\t<div class=\"elementor-element elementor-element-496804a elementor-widget elementor-widget-heading\" data-id=\"496804a\" data-element_type=\"widget\" data-widget_type=\"heading.default\">\n\t\t\t\t<div class=\"elementor-widget-container\">\n\t\t\t\t\t<h4 class=\"elementor-heading-title elementor-size-default\">2. Raport c\u0103l\u0103torie Cern\u0103u\u021bi: 24-26 martie 2022<\/h4>\t\t\t\t<\/div>\n\t\t\t\t<\/div>\n\t\t\t\t\t<\/div>\n\t\t<\/div>\n\t\t\t\t\t<\/div>\n\t\t<\/section>\n\t\t\t\t<section class=\"elementor-section elementor-top-section elementor-element elementor-element-c9fb918 elementor-section-boxed elementor-section-height-default elementor-section-height-default\" data-id=\"c9fb918\" data-element_type=\"section\">\n\t\t\t\t\t\t<div class=\"elementor-container elementor-column-gap-default\">\n\t\t\t\t\t<div class=\"elementor-column elementor-col-100 elementor-top-column elementor-element elementor-element-98db4de\" data-id=\"98db4de\" data-element_type=\"column\">\n\t\t\t<div class=\"elementor-widget-wrap elementor-element-populated\">\n\t\t\t\t\t\t<div class=\"elementor-element elementor-element-79874e5 elementor-tabs-view-horizontal elementor-widget elementor-widget-tabs\" data-id=\"79874e5\" data-element_type=\"widget\" data-widget_type=\"tabs.default\">\n\t\t\t\t<div class=\"elementor-widget-container\">\n\t\t\t\t\t\t\t<div class=\"elementor-tabs\">\n\t\t\t<div class=\"elementor-tabs-wrapper\" role=\"tablist\" >\n\t\t\t\t\t\t\t\t\t<div id=\"elementor-tab-title-1271\" class=\"elementor-tab-title elementor-tab-desktop-title\" aria-selected=\"true\" data-tab=\"1\" role=\"tab\" tabindex=\"0\" aria-controls=\"elementor-tab-content-1271\" aria-expanded=\"false\">Raport cal\u0103torie<\/div>\n\t\t\t\t\t\t\t\t\t<div id=\"elementor-tab-title-1272\" class=\"elementor-tab-title elementor-tab-desktop-title\" aria-selected=\"false\" data-tab=\"2\" role=\"tab\" tabindex=\"-1\" aria-controls=\"elementor-tab-content-1272\" aria-expanded=\"false\">Raport financiar<\/div>\n\t\t\t\t\t\t\t<\/div>\n\t\t\t<div class=\"elementor-tabs-content-wrapper\" role=\"tablist\" aria-orientation=\"vertical\">\n\t\t\t\t\t\t\t\t\t<div class=\"elementor-tab-title elementor-tab-mobile-title\" aria-selected=\"true\" data-tab=\"1\" role=\"tab\" tabindex=\"0\" aria-controls=\"elementor-tab-content-1271\" aria-expanded=\"false\">Raport cal\u0103torie<\/div>\n\t\t\t\t\t<div id=\"elementor-tab-content-1271\" class=\"elementor-tab-content elementor-clearfix\" data-tab=\"1\" role=\"tabpanel\" aria-labelledby=\"elementor-tab-title-1271\" tabindex=\"0\" hidden=\"false\"><p>Imediat dup\u0103 prima c\u0103l\u0103torie \u00een Ucraina, din 12.03.2022, am \u00eenceput preg\u0103tirile pentru a doua c\u0103l\u0103torie. Aceasta a implicat conferin\u021be cu fra\u021bii din Ucraina pentru identificarea nevoilor, negocieri<br \/>cu magazine pentru achizi\u021bionarea bunurilor de pe list\u0103, verificarea \u00een service a microbuzului \u0219i preg\u0103tirea pentru drum. Pe l\u00e2ng\u0103 acestea, am reu\u0219it, cu ajutorul a dou\u0103 surori din Ucraina, traducerea \u00een ucrainian\u0103 a celor dou\u0103 bro\u0219uri de evanghelizare care au fost tip\u0103rite \u00een rus\u0103. De\u0219i am fost presa\u021bi de timp, Aurel Miclea \u0219i Miriam au reu\u0219it s\u0103 finalizeze 4000 bro\u0219uri, pe care le-am luat cu noi \u00een c\u0103l\u0103torie. Acestea au fost \u00eemp\u0103r\u021bite \u00een 4 loca\u021bii: 1000 \u00een Sighet, la tab\u0103ra de refugia\u021bi, 2000 \u00een Cern\u0103u\u021bi \u0219i 1000 \u00een Koprivnitski, \u00een centrul Ucrainei.<\/p><p><span style=\"font-size: 1.125rem;\">Link raport complet: <a href=\"https:\/\/drive.google.com\/file\/d\/1Rc73pBUSi5QJuN4U5nYBc_uTxx0IHYFZ\/view?usp=sharing\">https:\/\/drive.google.com\/file\/d\/1Rc73pBUSi5QJuN4U5nYBc_uTxx0IHYFZ\/view?usp=sharing<\/a><\/span><\/p><\/div>\n\t\t\t\t\t\t\t\t\t<div class=\"elementor-tab-title elementor-tab-mobile-title\" aria-selected=\"false\" data-tab=\"2\" role=\"tab\" tabindex=\"-1\" aria-controls=\"elementor-tab-content-1272\" aria-expanded=\"false\">Raport financiar<\/div>\n\t\t\t\t\t<div id=\"elementor-tab-content-1272\" class=\"elementor-tab-content elementor-clearfix\" data-tab=\"2\" role=\"tabpanel\" aria-labelledby=\"elementor-tab-title-1272\" tabindex=\"0\" hidden=\"hidden\"><p>Link raport complet: <a href=\"https:\/\/drive.google.com\/file\/d\/10Pj6Ld6ZX4qg2R8k21VWXMoESKAJ0ehM\/view?usp=sharing\">https:\/\/drive.google.com\/file\/d\/1DYeb8hz9aRDLgOqCfIz46ssi3uzd88Rj\/view?usp=sharing<\/a><\/p><\/div>\n\t\t\t\t\t\t\t<\/div>\n\t\t<\/div>\n\t\t\t\t\t\t<\/div>\n\t\t\t\t<\/div>\n\t\t\t\t\t<\/div>\n\t\t<\/div>\n\t\t\t\t\t<\/div>\n\t\t<\/section>\n\t\t\t\t<section class=\"elementor-section elementor-top-section elementor-element elementor-element-09246e5 elementor-section-boxed elementor-section-height-default elementor-section-height-default\" data-id=\"09246e5\" data-element_type=\"section\">\n\t\t\t\t\t\t<div class=\"elementor-container elementor-column-gap-default\">\n\t\t\t\t\t<div class=\"elementor-column elementor-col-100 elementor-top-column elementor-element elementor-element-7a293b2\" data-id=\"7a293b2\" data-element_type=\"column\">\n\t\t\t<div class=\"elementor-widget-wrap elementor-element-populated\">\n\t\t\t\t\t\t<div class=\"elementor-element elementor-element-22ec5aa elementor-widget elementor-widget-heading\" data-id=\"22ec5aa\" data-element_type=\"widget\" data-widget_type=\"heading.default\">\n\t\t\t\t<div class=\"elementor-widget-container\">\n\t\t\t\t\t<h4 class=\"elementor-heading-title elementor-size-default\">3. Raport c\u0103l\u0103torie Cern\u0103u\u021bi - 12 aprilie 2022<\/h4>\t\t\t\t<\/div>\n\t\t\t\t<\/div>\n\t\t\t\t\t<\/div>\n\t\t<\/div>\n\t\t\t\t\t<\/div>\n\t\t<\/section>\n\t\t\t\t<section class=\"elementor-section elementor-top-section elementor-element elementor-element-3fa23ab elementor-section-boxed elementor-section-height-default elementor-section-height-default\" data-id=\"3fa23ab\" data-element_type=\"section\">\n\t\t\t\t\t\t<div class=\"elementor-container elementor-column-gap-default\">\n\t\t\t\t\t<div class=\"elementor-column elementor-col-100 elementor-top-column elementor-element elementor-element-c27d5ab\" data-id=\"c27d5ab\" data-element_type=\"column\">\n\t\t\t<div class=\"elementor-widget-wrap elementor-element-populated\">\n\t\t\t\t\t\t<div class=\"elementor-element elementor-element-aebfdaa elementor-tabs-view-horizontal elementor-widget elementor-widget-tabs\" data-id=\"aebfdaa\" data-element_type=\"widget\" data-widget_type=\"tabs.default\">\n\t\t\t\t<div class=\"elementor-widget-container\">\n\t\t\t\t\t\t\t<div class=\"elementor-tabs\">\n\t\t\t<div class=\"elementor-tabs-wrapper\" role=\"tablist\" >\n\t\t\t\t\t\t\t\t\t<div id=\"elementor-tab-title-1831\" class=\"elementor-tab-title elementor-tab-desktop-title\" aria-selected=\"true\" data-tab=\"1\" role=\"tab\" tabindex=\"0\" aria-controls=\"elementor-tab-content-1831\" aria-expanded=\"false\">Raport cal\u0103torie<\/div>\n\t\t\t\t\t\t\t\t\t<div id=\"elementor-tab-title-1832\" class=\"elementor-tab-title elementor-tab-desktop-title\" aria-selected=\"false\" data-tab=\"2\" role=\"tab\" tabindex=\"-1\" aria-controls=\"elementor-tab-content-1832\" aria-expanded=\"false\">Raport financiar<\/div>\n\t\t\t\t\t\t\t<\/div>\n\t\t\t<div class=\"elementor-tabs-content-wrapper\" role=\"tablist\" aria-orientation=\"vertical\">\n\t\t\t\t\t\t\t\t\t<div class=\"elementor-tab-title elementor-tab-mobile-title\" aria-selected=\"true\" data-tab=\"1\" role=\"tab\" tabindex=\"0\" aria-controls=\"elementor-tab-content-1831\" aria-expanded=\"false\">Raport cal\u0103torie<\/div>\n\t\t\t\t\t<div id=\"elementor-tab-content-1831\" class=\"elementor-tab-content elementor-clearfix\" data-tab=\"1\" role=\"tabpanel\" aria-labelledby=\"elementor-tab-title-1831\" tabindex=\"0\" hidden=\"false\"><p><span style=\"font-weight: 400;\">Imediat dup\u0103 cea de-a doua c\u0103l\u0103torie \u00een Ucraina \u0219i ca urmare a semnalelor pozitive primite din toate p\u0103r\u021bile, am \u00eenceput preg\u0103tirea celei de-a treia c\u0103l\u0103torii. La fel ca \u00een celelalte d\u0103\u021bi, aceasta a implicat conferin\u021be telefonice cu fra\u021bii din Ucraina pentru identificarea nevoilor, negocieri cu magazine pentru achizi\u021bionarea bunurilor de pe list\u0103, verificarea \u00een service a ma\u0219inii \u0219i a remorcii \u0219i preg\u0103tirea efectiv\u0103 pentru drum. <\/span><\/p><p><span style=\"font-size: 1.125rem;\">Link raport complet: <a href=\"https:\/\/docs.google.com\/document\/d\/e\/2PACX-1vQu-dmhrentvUOnpT4oiBqfpH66jwQq7IRioS2Jk9K8uZ9AigLS8yQ-nUDgvvWSXSdlpO5HV0raEw4S\/pub\">https:\/\/docs.google.com\/document\/d\/e\/2PACX-1vQu-dmhrentvUOnpT4oiBqfpH66jwQq7IRioS2Jk9K8uZ9AigLS8yQ-nUDgvvWSXSdlpO5HV0raEw4S\/pub<\/a><\/span><\/p><\/div>\n\t\t\t\t\t\t\t\t\t<div class=\"elementor-tab-title elementor-tab-mobile-title\" aria-selected=\"false\" data-tab=\"2\" role=\"tab\" tabindex=\"-1\" aria-controls=\"elementor-tab-content-1832\" aria-expanded=\"false\">Raport financiar<\/div>\n\t\t\t\t\t<div id=\"elementor-tab-content-1832\" class=\"elementor-tab-content elementor-clearfix\" data-tab=\"2\" role=\"tabpanel\" aria-labelledby=\"elementor-tab-title-1832\" tabindex=\"0\" hidden=\"hidden\"><p>Link raport complet: <a href=\"https:\/\/docs.google.com\/document\/d\/e\/2PACX-1vTvjszmR6H1rBdBg4G1Ag3aWuAMN-gQrZRpIfvTI7PL_VS0uVSuuaybap8cJxhOYYy2qKd4EEpQQvh3\/pub\">https:\/\/docs.google.com\/document\/d\/e\/2PACX-1vTvjszmR6H1rBdBg4G1Ag3aWuAMN-gQrZRpIfvTI7PL_VS0uVSuuaybap8cJxhOYYy2qKd4EEpQQvh3\/pub<\/a><\/p><\/div>\n\t\t\t\t\t\t\t<\/div>\n\t\t<\/div>\n\t\t\t\t\t\t<\/div>\n\t\t\t\t<\/div>\n\t\t\t\t\t<\/div>\n\t\t<\/div>\n\t\t\t\t\t<\/div>\n\t\t<\/section>\n\t\t\t\t<section class=\"elementor-section elementor-top-section elementor-element elementor-element-e2683c8 elementor-section-boxed elementor-section-height-default elementor-section-height-default\" data-id=\"e2683c8\" data-element_type=\"section\">\n\t\t\t\t\t\t<div class=\"elementor-container elementor-column-gap-default\">\n\t\t\t\t\t<div class=\"elementor-column elementor-col-100 elementor-top-column elementor-element elementor-element-f5061a2\" data-id=\"f5061a2\" data-element_type=\"column\">\n\t\t\t<div class=\"elementor-widget-wrap elementor-element-populated\">\n\t\t\t\t\t\t<div class=\"elementor-element elementor-element-f4df43c elementor-widget elementor-widget-spacer\" data-id=\"f4df43c\" data-element_type=\"widget\" data-widget_type=\"spacer.default\">\n\t\t\t\t<div class=\"elementor-widget-container\">\n\t\t\t\t\t\t\t<div class=\"elementor-spacer\">\n\t\t\t<div class=\"elementor-spacer-inner\"><\/div>\n\t\t<\/div>\n\t\t\t\t\t\t<\/div>\n\t\t\t\t<\/div>\n\t\t\t\t\t<\/div>\n\t\t<\/div>\n\t\t\t\t\t<\/div>\n\t\t<\/section>\n\t\t\t\t<section class=\"elementor-section elementor-top-section elementor-element elementor-element-444af31 elementor-section-boxed elementor-section-height-default elementor-section-height-default\" data-id=\"444af31\" data-element_type=\"section\">\n\t\t\t\t\t\t<div class=\"elementor-container elementor-column-gap-default\">\n\t\t\t\t\t<div class=\"elementor-column elementor-col-100 elementor-top-column elementor-element elementor-element-c985cf5\" data-id=\"c985cf5\" data-element_type=\"column\">\n\t\t\t<div class=\"elementor-widget-wrap elementor-element-populated\">\n\t\t\t\t\t\t<div class=\"elementor-element elementor-element-65ddc9d elementor-widget elementor-widget-heading\" data-id=\"65ddc9d\" data-element_type=\"widget\" data-widget_type=\"heading.default\">\n\t\t\t\t<div class=\"elementor-widget-container\">\n\t\t\t\t\t<h4 class=\"elementor-heading-title elementor-size-default\">Dona\u021bie proiect umanitar Ucraina<\/h4>\t\t\t\t<\/div>\n\t\t\t\t<\/div>\n\t\t\t\t\t<\/div>\n\t\t<\/div>\n\t\t\t\t\t<\/div>\n\t\t<\/section>\n\t\t\t\t<section class=\"elementor-section elementor-top-section elementor-element elementor-element-974de80 elementor-section-boxed elementor-section-height-default elementor-section-height-default\" data-id=\"974de80\" data-element_type=\"section\">\n\t\t\t\t\t\t<div class=\"elementor-container elementor-column-gap-default\">\n\t\t\t\t\t<div class=\"elementor-column elementor-col-100 elementor-top-column elementor-element elementor-element-6654523\" data-id=\"6654523\" data-element_type=\"column\">\n\t\t\t<div class=\"elementor-widget-wrap elementor-element-populated\">\n\t\t\t\t\t\t<div class=\"elementor-element elementor-element-8d4c6cf elementor-widget elementor-widget-text-editor\" data-id=\"8d4c6cf\" data-element_type=\"widget\" data-widget_type=\"text-editor.default\">\n\t\t\t\t<div class=\"elementor-widget-container\">\n\t\t\t\t\t\t\t\t\t<p><span style=\"font-weight: 400;\">Reamintim detaliile necesare pentru dona\u021bii:<\/span><\/p><p><span style=\"font-weight: 400;\">\u00a0 \u00a0 Nume: Funda\u021bia Mantachie\u00a0<\/span><\/p><p><span style=\"font-weight: 400;\">\u00a0 \u00a0 Cont <strong>Euro<\/strong>: RO98BTRLEURCRT0597474701\u00a0<\/span><\/p><p><span style=\"font-weight: 400;\">\u00a0 \u00a0 Cont <strong>RON<\/strong>: RO51BTRLRONCRT0597474701 Banca Transilvania, sucursala Re\u0219i\u021ba<\/span><\/p><p><span style=\"font-weight: 400;\">\u00a0 \u00a0 Cod <strong>SWIFT<\/strong>: BTRLRO22CSA<\/span><\/p><p><span style=\"font-weight: 400;\">Pentru PayPal, v\u0103 rug\u0103m folosi\u021bi adresa lui Aurel Munteanu, <\/span><a href=\"mailto:aurelomnou@yahoo.com\"><span style=\"font-weight: 400;\">aurelomnou@yahoo.com<\/span><\/a><span style=\"font-weight: 400;\">. El va depune banii \u00een contul Funda\u021biei.\u00a0<\/span><\/p><p><span style=\"font-weight: 400;\">Toate achizi\u021biile pentru Ucraina vor fi f\u0103cute prin funda\u021bie. Fiecare donator va primi rapoartele financiare detaliate.<\/span><\/p>\t\t\t\t\t\t\t\t<\/div>\n\t\t\t\t<\/div>\n\t\t\t\t\t<\/div>\n\t\t<\/div>\n\t\t\t\t\t<\/div>\n\t\t<\/section>\n\t\t\t\t<\/div>","protected":false},"excerpt":{"rendered":"<p>Cu ajutorul lui Dumnezeu, de la \u00eenceputul r\u0103zboiului, Adunarea noastr\u0103 este implicat\u0103 prin slujitorii s\u0103i \u00een ajutorarea cet\u0103\u021benilor Ucraineni. Al\u0103turi<\/p>","protected":false},"author":1,"featured_media":0,"parent":0,"menu_order":0,"comment_status":"closed","ping_status":"closed","template":"","meta":{"footnotes":""},"class_list":["post-19810","page","type-page","status-publish","hentry","comments-off"],"_links":{"self":[{"href":"https:\/\/harulsuveran.ro\/en\/wp-json\/wp\/v2\/pages\/19810","targetHints":{"allow":["GET"]}}],"collection":[{"href":"https:\/\/harulsuveran.ro\/en\/wp-json\/wp\/v2\/pages"}],"about":[{"href":"https:\/\/harulsuveran.ro\/en\/wp-json\/wp\/v2\/types\/page"}],"author":[{"embeddable":true,"href":"https:\/\/harulsuveran.ro\/en\/wp-json\/wp\/v2\/users\/1"}],"replies":[{"embeddable":true,"href":"https:\/\/harulsuveran.ro\/en\/wp-json\/wp\/v2\/comments?post=19810"}],"version-history":[{"count":0,"href":"https:\/\/harulsuveran.ro\/en\/wp-json\/wp\/v2\/pages\/19810\/revisions"}],"wp:attachment":[{"href":"https:\/\/harulsuveran.ro\/en\/wp-json\/wp\/v2\/media?parent=19810"}],"curies":[{"name":"wp","href":"https:\/\/api.w.org\/{rel}","templated":true}]}}