{"id":19987,"date":"2025-06-28T18:40:41","date_gmt":"2025-06-28T16:40:41","guid":{"rendered":"https:\/\/harulsuveran.ro\/?page_id=19987"},"modified":"2025-06-28T18:52:50","modified_gmt":"2025-06-28T16:52:50","slug":"evenimente","status":"publish","type":"page","link":"https:\/\/harulsuveran.ro\/en\/evenimente\/","title":{"rendered":"Evenimente"},"content":{"rendered":"<div data-elementor-type=\"wp-page\" data-elementor-id=\"19987\" class=\"elementor elementor-19987\">\n\t\t\t\t<div class=\"elementor-element elementor-element-126f92f e-flex e-con-boxed e-con e-parent\" data-id=\"126f92f\" data-element_type=\"container\">\n\t\t\t\t\t<div class=\"e-con-inner\">\n\t\t\t\t<div class=\"elementor-element elementor-element-5a68d5c elementor-widget elementor-widget-text-editor\" data-id=\"5a68d5c\" data-element_type=\"widget\" data-widget_type=\"text-editor.default\">\n\t\t\t\t<div class=\"elementor-widget-container\">\n\t\t\t\t\t\t\t\t\t<p>Pentru a ne cunoa\u0219te chiar mai bine, v\u0103 prezent\u0103m o scurt\u0103 selec\u021bie de poze care surprind c\u00e2teva din multele momente speciale ale vie\u021bii adun\u0103rii noastre.<\/p>\t\t\t\t\t\t\t\t<\/div>\n\t\t\t\t<\/div>\n\t\t\t\t\t<\/div>\n\t\t\t\t<\/div>\n\t\t\t\t<\/div>","protected":false},"excerpt":{"rendered":"<p>Pentru a ne cunoa\u0219te chiar mai bine, v\u0103 prezent\u0103m o scurt\u0103 selec\u021bie de poze care surprind c\u00e2teva din multele momente<\/p>","protected":false},"author":1,"featured_media":0,"parent":0,"menu_order":0,"comment_status":"closed","ping_status":"closed","template":"","meta":{"footnotes":""},"class_list":["post-19987","page","type-page","status-publish","hentry","comments-off"],"_links":{"self":[{"href":"https:\/\/harulsuveran.ro\/en\/wp-json\/wp\/v2\/pages\/19987","targetHints":{"allow":["GET"]}}],"collection":[{"href":"https:\/\/harulsuveran.ro\/en\/wp-json\/wp\/v2\/pages"}],"about":[{"href":"https:\/\/harulsuveran.ro\/en\/wp-json\/wp\/v2\/types\/page"}],"author":[{"embeddable":true,"href":"https:\/\/harulsuveran.ro\/en\/wp-json\/wp\/v2\/users\/1"}],"replies":[{"embeddable":true,"href":"https:\/\/harulsuveran.ro\/en\/wp-json\/wp\/v2\/comments?post=19987"}],"version-history":[{"count":4,"href":"https:\/\/harulsuveran.ro\/en\/wp-json\/wp\/v2\/pages\/19987\/revisions"}],"predecessor-version":[{"id":20006,"href":"https:\/\/harulsuveran.ro\/en\/wp-json\/wp\/v2\/pages\/19987\/revisions\/20006"}],"wp:attachment":[{"href":"https:\/\/harulsuveran.ro\/en\/wp-json\/wp\/v2\/media?parent=19987"}],"curies":[{"name":"wp","href":"https:\/\/api.w.org\/{rel}","templated":true}]}}