{"id":274,"date":"2020-12-12T11:04:49","date_gmt":"2020-12-12T08:04:49","guid":{"rendered":"https:\/\/harulsuveran.ro\/?page_id=274"},"modified":"2020-12-12T11:04:49","modified_gmt":"2020-12-12T08:04:49","slug":"misiune","status":"publish","type":"page","link":"https:\/\/harulsuveran.ro\/en\/misiune\/","title":{"rendered":"Missions"},"content":{"rendered":"<div data-elementor-type=\"wp-page\" data-elementor-id=\"274\" class=\"elementor elementor-274\">\n\t\t\t\t\t\t<section class=\"elementor-section elementor-top-section elementor-element elementor-element-0f1ad68 elementor-section-boxed elementor-section-height-default elementor-section-height-default\" data-id=\"0f1ad68\" data-element_type=\"section\">\n\t\t\t\t\t\t<div class=\"elementor-container elementor-column-gap-default\">\n\t\t\t\t\t<div class=\"elementor-column elementor-col-100 elementor-top-column elementor-element elementor-element-4721795\" data-id=\"4721795\" data-element_type=\"column\">\n\t\t\t<div class=\"elementor-widget-wrap elementor-element-populated\">\n\t\t\t\t\t\t<div class=\"elementor-element elementor-element-cfb0250 elementor-widget elementor-widget-spacer\" data-id=\"cfb0250\" data-element_type=\"widget\" data-widget_type=\"spacer.default\">\n\t\t\t\t<div class=\"elementor-widget-container\">\n\t\t\t\t\t\t\t<div class=\"elementor-spacer\">\n\t\t\t<div class=\"elementor-spacer-inner\"><\/div>\n\t\t<\/div>\n\t\t\t\t\t\t<\/div>\n\t\t\t\t<\/div>\n\t\t\t\t\t<\/div>\n\t\t<\/div>\n\t\t\t\t\t<\/div>\n\t\t<\/section>\n\t\t\t\t<section class=\"elementor-section elementor-top-section elementor-element elementor-element-e875bec elementor-section-boxed elementor-section-height-default elementor-section-height-default\" data-id=\"e875bec\" data-element_type=\"section\">\n\t\t\t\t\t\t<div class=\"elementor-container elementor-column-gap-default\">\n\t\t\t\t\t<div class=\"elementor-column elementor-col-100 elementor-top-column elementor-element elementor-element-1a6e727\" data-id=\"1a6e727\" data-element_type=\"column\">\n\t\t\t<div class=\"elementor-widget-wrap elementor-element-populated\">\n\t\t\t\t\t\t<div class=\"elementor-element elementor-element-758e4b0 elementor-widget elementor-widget-heading\" data-id=\"758e4b0\" data-element_type=\"widget\" data-widget_type=\"heading.default\">\n\t\t\t\t<div class=\"elementor-widget-container\">\n\t\t\t\t\t<h6 class=\"elementor-heading-title elementor-size-default\">National missions<\/h6>\t\t\t\t<\/div>\n\t\t\t\t<\/div>\n\t\t\t\t\t<\/div>\n\t\t<\/div>\n\t\t\t\t\t<\/div>\n\t\t<\/section>\n\t\t\t\t<section class=\"elementor-section elementor-top-section elementor-element elementor-element-d956656 elementor-section-boxed elementor-section-height-default elementor-section-height-default\" data-id=\"d956656\" data-element_type=\"section\">\n\t\t\t\t\t\t<div class=\"elementor-container elementor-column-gap-default\">\n\t\t\t\t\t<div class=\"elementor-column elementor-col-100 elementor-top-column elementor-element elementor-element-468c2fd\" data-id=\"468c2fd\" data-element_type=\"column\">\n\t\t\t<div class=\"elementor-widget-wrap elementor-element-populated\">\n\t\t\t\t\t\t<div class=\"elementor-element elementor-element-60e16df elementor-widget elementor-widget-text-editor\" data-id=\"60e16df\" data-element_type=\"widget\" data-widget_type=\"text-editor.default\">\n\t\t\t\t<div class=\"elementor-widget-container\">\n\t\t\t\t\t\t\t\t\t<p><b>Mission points in Romania.<\/b> Currently, our assembly has four locations where we have regular services: Boc\u0219a (Cara\u0219 Severin county), Filia\u0219i (Dolj county), Bucharest (the capital of Romania) and Timi\u0219oara (Timi\u0219 county). If you wish to participate in our services, please identify the closest location (See Contact\/Locations), and contact us.<\/p><p><b>Mission journeys.<\/b>\u00a0We regularly make mission journeys throughout the country and visit all those that want to meet with us. If you wish to be visited by us, or that we start a mission work in your area, please contact us.<\/p><p><b>Conferences.<\/b>\u00a0Annually, our congregation organizes conferences in Bocsa and Bucharest. We will be organizing conferences in other cities. If you wish to participate in such conferences, please contact us to find the dates, subjects and locations.<\/p><p><b>Distribution of literature.<\/b> Our missionaries distribute Gospel booklets on a regular basis, handing out the message of the Good News of salvation. Until now, we distributed literature in approximately 300 cities, towns and villages throughout Romania, and in 116 such communities, literature was distributed from door to door. If you wish to receive or to distribute our literature, we are offering it free of charge to all those interested.<\/p>\t\t\t\t\t\t\t\t<\/div>\n\t\t\t\t<\/div>\n\t\t\t\t\t<\/div>\n\t\t<\/div>\n\t\t\t\t\t<\/div>\n\t\t<\/section>\n\t\t\t\t<section class=\"elementor-section elementor-top-section elementor-element elementor-element-ba7b870 elementor-section-boxed elementor-section-height-default elementor-section-height-default\" data-id=\"ba7b870\" data-element_type=\"section\">\n\t\t\t\t\t\t<div class=\"elementor-container elementor-column-gap-default\">\n\t\t\t\t\t<div class=\"elementor-column elementor-col-100 elementor-top-column elementor-element elementor-element-4ac1af5\" data-id=\"4ac1af5\" data-element_type=\"column\">\n\t\t\t<div class=\"elementor-widget-wrap elementor-element-populated\">\n\t\t\t\t\t\t<div class=\"elementor-element elementor-element-9fba0cd elementor-widget elementor-widget-spacer\" data-id=\"9fba0cd\" data-element_type=\"widget\" data-widget_type=\"spacer.default\">\n\t\t\t\t<div class=\"elementor-widget-container\">\n\t\t\t\t\t\t\t<div class=\"elementor-spacer\">\n\t\t\t<div class=\"elementor-spacer-inner\"><\/div>\n\t\t<\/div>\n\t\t\t\t\t\t<\/div>\n\t\t\t\t<\/div>\n\t\t\t\t\t<\/div>\n\t\t<\/div>\n\t\t\t\t\t<\/div>\n\t\t<\/section>\n\t\t\t\t<section class=\"elementor-section elementor-top-section elementor-element elementor-element-03e92e9 elementor-section-boxed elementor-section-height-default elementor-section-height-default\" data-id=\"03e92e9\" data-element_type=\"section\">\n\t\t\t\t\t\t<div class=\"elementor-container elementor-column-gap-default\">\n\t\t\t\t\t<div class=\"elementor-column elementor-col-100 elementor-top-column elementor-element elementor-element-69d56da\" data-id=\"69d56da\" data-element_type=\"column\">\n\t\t\t<div class=\"elementor-widget-wrap elementor-element-populated\">\n\t\t\t\t\t\t<div class=\"elementor-element elementor-element-079084d elementor-widget elementor-widget-heading\" data-id=\"079084d\" data-element_type=\"widget\" data-widget_type=\"heading.default\">\n\t\t\t\t<div class=\"elementor-widget-container\">\n\t\t\t\t\t<h6 class=\"elementor-heading-title elementor-size-default\">Foreign Missions<\/h6>\t\t\t\t<\/div>\n\t\t\t\t<\/div>\n\t\t\t\t\t<\/div>\n\t\t<\/div>\n\t\t\t\t\t<\/div>\n\t\t<\/section>\n\t\t\t\t<section class=\"elementor-section elementor-top-section elementor-element elementor-element-a2bb059 elementor-section-boxed elementor-section-height-default elementor-section-height-default\" data-id=\"a2bb059\" data-element_type=\"section\">\n\t\t\t\t\t\t<div class=\"elementor-container elementor-column-gap-default\">\n\t\t\t\t\t<div class=\"elementor-column elementor-col-100 elementor-top-column elementor-element elementor-element-3c7a12c\" data-id=\"3c7a12c\" data-element_type=\"column\">\n\t\t\t<div class=\"elementor-widget-wrap elementor-element-populated\">\n\t\t\t\t\t\t<div class=\"elementor-element elementor-element-3bf22f4 elementor-widget elementor-widget-text-editor\" data-id=\"3bf22f4\" data-element_type=\"widget\" data-widget_type=\"text-editor.default\">\n\t\t\t\t<div class=\"elementor-widget-container\">\n\t\t\t\t\t\t\t\t\t<p><b>Helping other churches and mission works.<\/b> Our congregation has helped congregations and mission works in Peru, Cuba, Malawi, Nepal, and the Philippines.\nWe do our best to help scriptural assemblies and mission works, wherever they are. Because we have limited resources and want to be wise stewards of the Lord\u2019s money that He entrusted to us, there will be some verification steps, the first of which would be a questionnaire. Please contact us, if you wish to receive this questionnaire from us.<\/p><p><b>Mission journeys.<\/b>\u00a0So far, we have made international missionary journeys to the Republic of Moldova, Ukraine, Russia, Bulgaria, Austria, Germany, Belgium, Italy, United States of America and Peru. We are praying to be able to make trips to Ireland, Philippines, India, Nepal, Pakistan, Mexico, Cuba, Nigeria, Sierra Leone and Uganda.<\/p><p><b>Conferences.<\/b>\u00a0So far, our congregation, through her ministers, participated in biblical conferences in the United States, Peru, Ukraine and Germany.<\/p><p><b>Distribution of literature.<\/b>\u00a0If you don\u2019t live in Romania, but wish to receive our printed literature, you are welcome to contact us. As means allow it, we will cover the expense of shipping our literature to you. If you are interested in studying our materials in a different language, please contact us. So far, we have literature available in 13 languages, and we continually add new translations into more languages.<\/p>\t\t\t\t\t\t\t\t<\/div>\n\t\t\t\t<\/div>\n\t\t\t\t\t<\/div>\n\t\t<\/div>\n\t\t\t\t\t<\/div>\n\t\t<\/section>\n\t\t\t\t<\/div>","protected":false},"excerpt":{"rendered":"<p>\u00cen \u021bar\u0103 Puncte de misiune. \u00cen prezent, adunarea noastr\u0103 are 5 loca\u021bii unde exist\u0103 \u00eentruniri regulate: Boc\u0219a (jud. Cara\u0219 Severin),<\/p>","protected":false},"author":1,"featured_media":0,"parent":0,"menu_order":0,"comment_status":"closed","ping_status":"closed","template":"","meta":{"footnotes":""},"class_list":["post-274","page","type-page","status-publish","hentry","comments-off"],"_links":{"self":[{"href":"https:\/\/harulsuveran.ro\/en\/wp-json\/wp\/v2\/pages\/274","targetHints":{"allow":["GET"]}}],"collection":[{"href":"https:\/\/harulsuveran.ro\/en\/wp-json\/wp\/v2\/pages"}],"about":[{"href":"https:\/\/harulsuveran.ro\/en\/wp-json\/wp\/v2\/types\/page"}],"author":[{"embeddable":true,"href":"https:\/\/harulsuveran.ro\/en\/wp-json\/wp\/v2\/users\/1"}],"replies":[{"embeddable":true,"href":"https:\/\/harulsuveran.ro\/en\/wp-json\/wp\/v2\/comments?post=274"}],"version-history":[{"count":0,"href":"https:\/\/harulsuveran.ro\/en\/wp-json\/wp\/v2\/pages\/274\/revisions"}],"wp:attachment":[{"href":"https:\/\/harulsuveran.ro\/en\/wp-json\/wp\/v2\/media?parent=274"}],"curies":[{"name":"wp","href":"https:\/\/api.w.org\/{rel}","templated":true}]}}