{"id":283,"date":"2020-12-12T11:14:03","date_gmt":"2020-12-12T08:14:03","guid":{"rendered":"https:\/\/harulsuveran.ro\/?page_id=283"},"modified":"2025-04-01T22:20:37","modified_gmt":"2025-04-01T20:20:37","slug":"tipografie","status":"publish","type":"page","link":"https:\/\/harulsuveran.ro\/en\/tipografie\/","title":{"rendered":"Printing press"},"content":{"rendered":"<div data-elementor-type=\"wp-page\" data-elementor-id=\"283\" class=\"elementor elementor-283\">\n\t\t\t\t\t\t<section class=\"elementor-section elementor-top-section elementor-element elementor-element-72ad3bd elementor-section-boxed elementor-section-height-default elementor-section-height-default\" data-id=\"72ad3bd\" data-element_type=\"section\">\n\t\t\t\t\t\t<div class=\"elementor-container elementor-column-gap-default\">\n\t\t\t\t\t<div class=\"elementor-column elementor-col-100 elementor-top-column elementor-element elementor-element-7116358\" data-id=\"7116358\" data-element_type=\"column\">\n\t\t\t<div class=\"elementor-widget-wrap elementor-element-populated\">\n\t\t\t\t\t\t<div class=\"elementor-element elementor-element-bd6ff97 elementor-widget elementor-widget-spacer\" data-id=\"bd6ff97\" data-element_type=\"widget\" data-widget_type=\"spacer.default\">\n\t\t\t\t<div class=\"elementor-widget-container\">\n\t\t\t\t\t\t\t<div class=\"elementor-spacer\">\n\t\t\t<div class=\"elementor-spacer-inner\"><\/div>\n\t\t<\/div>\n\t\t\t\t\t\t<\/div>\n\t\t\t\t<\/div>\n\t\t\t\t\t<\/div>\n\t\t<\/div>\n\t\t\t\t\t<\/div>\n\t\t<\/section>\n\t\t\t\t<section class=\"elementor-section elementor-top-section elementor-element elementor-element-85c6920 elementor-section-boxed elementor-section-height-default elementor-section-height-default\" data-id=\"85c6920\" data-element_type=\"section\">\n\t\t\t\t\t\t<div class=\"elementor-container elementor-column-gap-default\">\n\t\t\t\t\t<div class=\"elementor-column elementor-col-100 elementor-top-column elementor-element elementor-element-570dec9\" data-id=\"570dec9\" data-element_type=\"column\">\n\t\t\t<div class=\"elementor-widget-wrap elementor-element-populated\">\n\t\t\t\t\t\t<div class=\"elementor-element elementor-element-a0c6b6e elementor-widget elementor-widget-image\" data-id=\"a0c6b6e\" data-element_type=\"widget\" data-widget_type=\"image.default\">\n\t\t\t\t<div class=\"elementor-widget-container\">\n\t\t\t\t\t\t\t\t\t\t\t\t\t\t\t\t<a href=\"https:\/\/drive.google.com\/file\/d\/1FmuBT0UqD5zFxjEFZvXzX0G784JI4_lu\/view?usp=sharing\" target=\"_blank\">\n\t\t\t\t\t\t\t<img fetchpriority=\"high\" decoding=\"async\" width=\"768\" height=\"324\" src=\"https:\/\/harulsuveran.ro\/wp-content\/uploads\/2025\/04\/printing_press_cover@3x.png\" class=\"attachment-full size-full wp-image-19858\" alt=\"\" srcset=\"https:\/\/harulsuveran.ro\/wp-content\/uploads\/2025\/04\/printing_press_cover@3x.png 768w, https:\/\/harulsuveran.ro\/wp-content\/uploads\/2025\/04\/printing_press_cover@3x-300x127.png 300w, https:\/\/harulsuveran.ro\/wp-content\/uploads\/2025\/04\/printing_press_cover@3x-18x8.png 18w\" sizes=\"(max-width: 768px) 100vw, 768px\" \/>\t\t\t\t\t\t\t\t<\/a>\n\t\t\t\t\t\t\t\t\t\t\t\t\t\t\t<\/div>\n\t\t\t\t<\/div>\n\t\t\t\t\t<\/div>\n\t\t<\/div>\n\t\t\t\t\t<\/div>\n\t\t<\/section>\n\t\t\t\t<section class=\"elementor-section elementor-top-section elementor-element elementor-element-5e09c17 elementor-section-boxed elementor-section-height-default elementor-section-height-default\" data-id=\"5e09c17\" data-element_type=\"section\">\n\t\t\t\t\t\t<div class=\"elementor-container elementor-column-gap-default\">\n\t\t\t\t\t<div class=\"elementor-column elementor-col-100 elementor-top-column elementor-element elementor-element-8380843\" data-id=\"8380843\" data-element_type=\"column\">\n\t\t\t<div class=\"elementor-widget-wrap elementor-element-populated\">\n\t\t\t\t\t\t<div class=\"elementor-element elementor-element-46a5eb3 elementor-widget elementor-widget-text-editor\" data-id=\"46a5eb3\" data-element_type=\"widget\" data-widget_type=\"text-editor.default\">\n\t\t\t\t<div class=\"elementor-widget-container\">\n\t\t\t\t\t\t\t\t\t<p>The work of printing and distribution of free literature operated by <i>Funda\u021bia Mantachie<\/i>, is authorized <i>by the Sovereign Grace Baptist Assembly<\/i> of Bocsa, Romania and it represents a joint effort by our congregation and other congregations of like faith and practice to reach as many people as possible with the Gospel and the truths of the Holy Scriptures.<\/p><p>The first translation and printing projects began in 1999, when missionary Curtis Pugh moved to Romania, but the work really began in 2002, when we bought our first printing equipment. Since then, the print shop functioned continually, with a steady annual increase in the number of printed and distributed publications, so much that today, our congregation operates one of the largest Historic Baptist print shops in the world.<\/p><p>So far, we printed and distributed more than 50 booklet titles, in more than 1 million copies, and more than 20 book titles, in almost 100,000 copies. Beside these, we distributed tens of thousands of Bibles and New Testaments, in printed and audio formats, and more than 20,000 CDs and DVDs with sermons, resources and Christian music. Most of the materials were printed in the Romanian language, but we also printed in English, German and Russian. These materials are available free of cost and you can access them in electronic format in the \u201e<a href=\"https:\/\/harulsuveran.ro\/en\/biblioteca\/\" target=\"_blank\" rel=\"noopener\">Library<\/a>\u201d section.<\/p><p>Since we\u2019ve seen, down through the years, how important a literature work is for a biblical congregation, through our accumulated experience, we wish to help other congregations to develop a long term literature work. You will find more information about developing a printing work <a href=\"https:\/\/drive.google.com\/file\/d\/1SPhc-TOT0jllEgLHXOs-0LXUtQBGrOoi\/view?usp=sharing\" target=\"_blank\" rel=\"noopener\">here<\/a>.<\/p><p>If you wish to receive our printed materials free of charge, please check our catalog of free literature available <a href=\"https:\/\/drive.google.com\/file\/d\/1zeqWTBjrXV41FoepnEe-OWla3hsGUDCO\/view?usp=sharing\" target=\"_blank\" rel=\"noopener\">here<\/a> and contact us.<\/p>\t\t\t\t\t\t\t\t<\/div>\n\t\t\t\t<\/div>\n\t\t\t\t\t<\/div>\n\t\t<\/div>\n\t\t\t\t\t<\/div>\n\t\t<\/section>\n\t\t\t\t<\/div>","protected":false},"excerpt":{"rendered":"<p>Lucrarea de tip\u0103rire \u0219i distribuire gratuit\u0103 de literatur\u0103, operat\u0103 de Funda\u021bia Mantachie, se afl\u0103 sub autoritatea Adun\u0103rii baptiste Harul Suveran<\/p>","protected":false},"author":1,"featured_media":0,"parent":0,"menu_order":0,"comment_status":"closed","ping_status":"closed","template":"","meta":{"footnotes":""},"class_list":["post-283","page","type-page","status-publish","hentry","comments-off"],"_links":{"self":[{"href":"https:\/\/harulsuveran.ro\/en\/wp-json\/wp\/v2\/pages\/283","targetHints":{"allow":["GET"]}}],"collection":[{"href":"https:\/\/harulsuveran.ro\/en\/wp-json\/wp\/v2\/pages"}],"about":[{"href":"https:\/\/harulsuveran.ro\/en\/wp-json\/wp\/v2\/types\/page"}],"author":[{"embeddable":true,"href":"https:\/\/harulsuveran.ro\/en\/wp-json\/wp\/v2\/users\/1"}],"replies":[{"embeddable":true,"href":"https:\/\/harulsuveran.ro\/en\/wp-json\/wp\/v2\/comments?post=283"}],"version-history":[{"count":3,"href":"https:\/\/harulsuveran.ro\/en\/wp-json\/wp\/v2\/pages\/283\/revisions"}],"predecessor-version":[{"id":19876,"href":"https:\/\/harulsuveran.ro\/en\/wp-json\/wp\/v2\/pages\/283\/revisions\/19876"}],"wp:attachment":[{"href":"https:\/\/harulsuveran.ro\/en\/wp-json\/wp\/v2\/media?parent=283"}],"curies":[{"name":"wp","href":"https:\/\/api.w.org\/{rel}","templated":true}]}}