{"id":409,"date":"2020-12-13T11:25:08","date_gmt":"2020-12-13T08:25:08","guid":{"rendered":"https:\/\/harulsuveran.ro\/?page_id=409"},"modified":"2020-12-13T11:25:08","modified_gmt":"2020-12-13T08:25:08","slug":"evanghelizare","status":"publish","type":"page","link":"https:\/\/harulsuveran.ro\/en\/evanghelizare\/","title":{"rendered":"Evangelism"},"content":{"rendered":"<div data-elementor-type=\"wp-page\" data-elementor-id=\"409\" class=\"elementor elementor-409\">\n\t\t\t\t\t\t<section class=\"elementor-section elementor-top-section elementor-element elementor-element-7d63112 elementor-section-boxed elementor-section-height-default elementor-section-height-default\" data-id=\"7d63112\" data-element_type=\"section\">\n\t\t\t\t\t\t<div class=\"elementor-container elementor-column-gap-default\">\n\t\t\t\t\t<div class=\"elementor-column elementor-col-100 elementor-top-column elementor-element elementor-element-b0e0294\" data-id=\"b0e0294\" data-element_type=\"column\">\n\t\t\t<div class=\"elementor-widget-wrap elementor-element-populated\">\n\t\t\t\t\t\t<div class=\"elementor-element elementor-element-50c3333 elementor-widget elementor-widget-spacer\" data-id=\"50c3333\" data-element_type=\"widget\" data-widget_type=\"spacer.default\">\n\t\t\t\t<div class=\"elementor-widget-container\">\n\t\t\t\t\t\t\t<div class=\"elementor-spacer\">\n\t\t\t<div class=\"elementor-spacer-inner\"><\/div>\n\t\t<\/div>\n\t\t\t\t\t\t<\/div>\n\t\t\t\t<\/div>\n\t\t\t\t\t<\/div>\n\t\t<\/div>\n\t\t\t\t\t<\/div>\n\t\t<\/section>\n\t\t\t\t<section class=\"elementor-section elementor-top-section elementor-element elementor-element-2e1737f elementor-section-boxed elementor-section-height-default elementor-section-height-default\" data-id=\"2e1737f\" data-element_type=\"section\">\n\t\t\t\t\t\t<div class=\"elementor-container elementor-column-gap-default\">\n\t\t\t\t\t<div class=\"elementor-column elementor-col-100 elementor-top-column elementor-element elementor-element-6be4759\" data-id=\"6be4759\" data-element_type=\"column\">\n\t\t\t<div class=\"elementor-widget-wrap elementor-element-populated\">\n\t\t\t\t\t\t<div class=\"elementor-element elementor-element-693e926 elementor-widget elementor-widget-heading\" data-id=\"693e926\" data-element_type=\"widget\" data-widget_type=\"heading.default\">\n\t\t\t\t<div class=\"elementor-widget-container\">\n\t\t\t\t\t<h6 class=\"elementor-heading-title elementor-size-default\">Articole<\/h6>\t\t\t\t<\/div>\n\t\t\t\t<\/div>\n\t\t\t\t\t<\/div>\n\t\t<\/div>\n\t\t\t\t\t<\/div>\n\t\t<\/section>\n\t\t\t\t<section class=\"elementor-section elementor-top-section elementor-element elementor-element-856e0ba elementor-section-boxed elementor-section-height-default elementor-section-height-default\" data-id=\"856e0ba\" data-element_type=\"section\">\n\t\t\t\t\t\t<div class=\"elementor-container elementor-column-gap-default\">\n\t\t\t\t\t<div class=\"elementor-column elementor-col-100 elementor-top-column elementor-element elementor-element-faed79a\" data-id=\"faed79a\" data-element_type=\"column\">\n\t\t\t<div class=\"elementor-widget-wrap elementor-element-populated\">\n\t\t\t\t\t\t<div class=\"elementor-element elementor-element-1a2d9cc elementor-widget elementor-widget-accordion\" data-id=\"1a2d9cc\" data-element_type=\"widget\" data-widget_type=\"accordion.default\">\n\t\t\t\t<div class=\"elementor-widget-container\">\n\t\t\t\t\t\t\t<div class=\"elementor-accordion\">\n\t\t\t\t\t\t\t<div class=\"elementor-accordion-item\">\n\t\t\t\t\t<div id=\"elementor-tab-title-2741\" class=\"elementor-tab-title\" data-tab=\"1\" role=\"button\" aria-controls=\"elementor-tab-content-2741\" aria-expanded=\"false\">\n\t\t\t\t\t\t\t\t\t\t\t\t\t<span class=\"elementor-accordion-icon elementor-accordion-icon-left\" aria-hidden=\"true\">\n\t\t\t\t\t\t\t\t\t\t\t\t\t\t\t<span class=\"elementor-accordion-icon-closed\"><svg class=\"e-font-icon-svg e-fas-chevron-down\" viewbox=\"0 0 448 512\" xmlns=\"http:\/\/www.w3.org\/2000\/svg\"><path d=\"M207.029 381.476L12.686 187.132c-9.373-9.373-9.373-24.569 0-33.941l22.667-22.667c9.357-9.357 24.522-9.375 33.901-.04L224 284.505l154.745-154.021c9.379-9.335 24.544-9.317 33.901.04l22.667 22.667c9.373 9.373 9.373 24.569 0 33.941L240.971 381.476c-9.373 9.372-24.569 9.372-33.942 0z\"><\/path><\/svg><\/span>\n\t\t\t\t\t\t\t\t<span class=\"elementor-accordion-icon-opened\"><svg class=\"e-font-icon-svg e-fas-chevron-up\" viewbox=\"0 0 448 512\" xmlns=\"http:\/\/www.w3.org\/2000\/svg\"><path d=\"M240.971 130.524l194.343 194.343c9.373 9.373 9.373 24.569 0 33.941l-22.667 22.667c-9.357 9.357-24.522 9.375-33.901.04L224 227.495 69.255 381.516c-9.379 9.335-24.544 9.317-33.901-.04l-22.667-22.667c-9.373-9.373-9.373-24.569 0-33.941L207.03 130.525c9.372-9.373 24.568-9.373 33.941-.001z\"><\/path><\/svg><\/span>\n\t\t\t\t\t\t\t\t\t\t\t\t\t\t<\/span>\n\t\t\t\t\t\t\t\t\t\t\t\t<a class=\"elementor-accordion-title\" tabindex=\"0\">Caut p\u0103c\u0103to\u0219i! (Curtis Pugh)<\/a>\n\t\t\t\t\t<\/div>\n\t\t\t\t\t<div id=\"elementor-tab-content-2741\" class=\"elementor-tab-content elementor-clearfix\" data-tab=\"1\" role=\"region\" aria-labelledby=\"elementor-tab-title-2741\"><p><strong>Descriere<\/strong>:<\/p><p class=\"p1\">\u00cen general, omul are o p\u0103rere bun\u0103 despre sine \u00eensu\u0219i, c\u0103ut\u00e2nd s\u0103 arate celorlal\u021bi doar laturile pozitive \u0219i s\u0103 \u00ee\u0219i scuze p\u0103catele \u00een fa\u021ba lui Dumnezeu. Cristos \u00eens\u0103 a venit s\u0103 caute \u0219i s\u0103 m\u00e2ntuiasc\u0103 pe cei p\u0103c\u0103to\u0219i. Doar cei ce se v\u0103d p\u0103c\u0103to\u0219i simt cu adev\u0103rat nevoia iert\u0103rii. Aceast\u0103 bro\u0219ur\u0103 lanseaz\u0103 tuturor provocarea de a-\u0219i analiza propria stare prin prisma standardului de dreptate al lui Dumnezeu.<\/p><p><a href=\"https:\/\/drive.google.com\/file\/d\/1tzul2h0eS0A-pG3kG91Yn6oKM1o1ZWF6\/view?usp=sharing\" target=\"_blank\" rel=\"noopener\">Cite\u0219te articolul<\/a><\/p><\/div>\n\t\t\t\t<\/div>\n\t\t\t\t\t\t\t<div class=\"elementor-accordion-item\">\n\t\t\t\t\t<div id=\"elementor-tab-title-2742\" class=\"elementor-tab-title\" data-tab=\"2\" role=\"button\" aria-controls=\"elementor-tab-content-2742\" aria-expanded=\"false\">\n\t\t\t\t\t\t\t\t\t\t\t\t\t<span class=\"elementor-accordion-icon elementor-accordion-icon-left\" aria-hidden=\"true\">\n\t\t\t\t\t\t\t\t\t\t\t\t\t\t\t<span class=\"elementor-accordion-icon-closed\"><svg class=\"e-font-icon-svg e-fas-chevron-down\" viewbox=\"0 0 448 512\" xmlns=\"http:\/\/www.w3.org\/2000\/svg\"><path d=\"M207.029 381.476L12.686 187.132c-9.373-9.373-9.373-24.569 0-33.941l22.667-22.667c9.357-9.357 24.522-9.375 33.901-.04L224 284.505l154.745-154.021c9.379-9.335 24.544-9.317 33.901.04l22.667 22.667c9.373 9.373 9.373 24.569 0 33.941L240.971 381.476c-9.373 9.372-24.569 9.372-33.942 0z\"><\/path><\/svg><\/span>\n\t\t\t\t\t\t\t\t<span class=\"elementor-accordion-icon-opened\"><svg class=\"e-font-icon-svg e-fas-chevron-up\" viewbox=\"0 0 448 512\" xmlns=\"http:\/\/www.w3.org\/2000\/svg\"><path d=\"M240.971 130.524l194.343 194.343c9.373 9.373 9.373 24.569 0 33.941l-22.667 22.667c-9.357 9.357-24.522 9.375-33.901.04L224 227.495 69.255 381.516c-9.379 9.335-24.544 9.317-33.901-.04l-22.667-22.667c-9.373-9.373-9.373-24.569 0-33.941L207.03 130.525c9.372-9.373 24.568-9.373 33.941-.001z\"><\/path><\/svg><\/span>\n\t\t\t\t\t\t\t\t\t\t\t\t\t\t<\/span>\n\t\t\t\t\t\t\t\t\t\t\t\t<a class=\"elementor-accordion-title\" tabindex=\"0\">O \u00eentrebare personal\u0103 \u0219i \u00eendr\u0103znea\u021b\u0103 (Forrest Keener)<\/a>\n\t\t\t\t\t<\/div>\n\t\t\t\t\t<div id=\"elementor-tab-content-2742\" class=\"elementor-tab-content elementor-clearfix\" data-tab=\"2\" role=\"region\" aria-labelledby=\"elementor-tab-title-2742\"><p><strong>Descriere<\/strong>:<\/p><p>\u00cenc\u0103 \u00eenainte de a crea lumea, Dumnezeu a scris \u00eentr-o carte numele tuturor celor care vor fi m\u00e2ntui\u021bi. Tu po\u021bi \u0219tii dac\u0103 numele t\u0103u a fost scris \u00een aceast\u0103 carte! Indiferent dac\u0103 e\u0219ti membru \u00eentr-o biseric\u0103 sau nu, dac\u0103 nu \u0219tii sigur r\u0103spunsul la \u00eentrebare, trebuie s\u0103 cite\u0219ti aceast\u0103 bro\u0219ur\u0103!<\/p><p><a href=\"https:\/\/drive.google.com\/file\/d\/1m-mUWJJpL1YQonfi457jRuIDycMjaBQV\/view?usp=sharing\" target=\"_blank\" rel=\"noopener\">Cite\u0219te articolul<\/a><\/p><\/div>\n\t\t\t\t<\/div>\n\t\t\t\t\t\t\t<div class=\"elementor-accordion-item\">\n\t\t\t\t\t<div id=\"elementor-tab-title-2743\" class=\"elementor-tab-title\" data-tab=\"3\" role=\"button\" aria-controls=\"elementor-tab-content-2743\" aria-expanded=\"false\">\n\t\t\t\t\t\t\t\t\t\t\t\t\t<span class=\"elementor-accordion-icon elementor-accordion-icon-left\" aria-hidden=\"true\">\n\t\t\t\t\t\t\t\t\t\t\t\t\t\t\t<span class=\"elementor-accordion-icon-closed\"><svg class=\"e-font-icon-svg e-fas-chevron-down\" viewbox=\"0 0 448 512\" xmlns=\"http:\/\/www.w3.org\/2000\/svg\"><path d=\"M207.029 381.476L12.686 187.132c-9.373-9.373-9.373-24.569 0-33.941l22.667-22.667c9.357-9.357 24.522-9.375 33.901-.04L224 284.505l154.745-154.021c9.379-9.335 24.544-9.317 33.901.04l22.667 22.667c9.373 9.373 9.373 24.569 0 33.941L240.971 381.476c-9.373 9.372-24.569 9.372-33.942 0z\"><\/path><\/svg><\/span>\n\t\t\t\t\t\t\t\t<span class=\"elementor-accordion-icon-opened\"><svg class=\"e-font-icon-svg e-fas-chevron-up\" viewbox=\"0 0 448 512\" xmlns=\"http:\/\/www.w3.org\/2000\/svg\"><path d=\"M240.971 130.524l194.343 194.343c9.373 9.373 9.373 24.569 0 33.941l-22.667 22.667c-9.357 9.357-24.522 9.375-33.901.04L224 227.495 69.255 381.516c-9.379 9.335-24.544 9.317-33.901-.04l-22.667-22.667c-9.373-9.373-9.373-24.569 0-33.941L207.03 130.525c9.372-9.373 24.568-9.373 33.941-.001z\"><\/path><\/svg><\/span>\n\t\t\t\t\t\t\t\t\t\t\t\t\t\t<\/span>\n\t\t\t\t\t\t\t\t\t\t\t\t<a class=\"elementor-accordion-title\" tabindex=\"0\">Poc\u0103in\u021b\u0103 sau moarte (Rosco Brong)<\/a>\n\t\t\t\t\t<\/div>\n\t\t\t\t\t<div id=\"elementor-tab-content-2743\" class=\"elementor-tab-content elementor-clearfix\" data-tab=\"3\" role=\"region\" aria-labelledby=\"elementor-tab-title-2743\"><p><strong>Descriere<\/strong>:<\/p><p class=\"p1\">\u00cen Scriptur\u0103 citim c\u0103 niciun p\u0103cat nu va r\u0103m\u00e2ne nepedepsit \u0219i c\u0103 pedeapsa dreapt\u0103 pentru p\u0103cat este moartea. Fiecare om va sta \u00eenaintea judec\u0103\u021bii lui Dumnezeu \u0219i va r\u0103spunde pentru felul cum \u0219i-a tr\u0103it via\u021ba. Singura cale de sc\u0103pare este poc\u0103in\u021ba, adic\u0103 \u00eentoarcerea de pe calea p\u0103catelor la Dumnezeu \u0219i credin\u021ba \u00een Isus Cristos, care a murit \u00een locul tuturor p\u0103c\u0103to\u0219ilor care se poc\u0103iesc. Ast\u0103zi exist\u0103 multe concep\u021bii gre\u0219ite despre ce \u00eenseamn\u0103 poc\u0103in\u021ba, iar aceast\u0103 bro\u0219ur\u0103 vine \u00een \u00eent\u00e2mpinarea tuturor celor care doresc s\u0103 \u0219tie ce \u00eenva\u021b\u0103 Scriptura despre poc\u0103in\u021b\u0103.<\/p><p><a href=\"https:\/\/drive.google.com\/file\/d\/1gTI1pAD-Vj9UrBKn7xD5YsmxK_zP7FBN\/view?usp=sharing\" target=\"_blank\" rel=\"noopener\">Cite\u0219te articolul<\/a><\/p><\/div>\n\t\t\t\t<\/div>\n\t\t\t\t\t\t\t<div class=\"elementor-accordion-item\">\n\t\t\t\t\t<div id=\"elementor-tab-title-2744\" class=\"elementor-tab-title\" data-tab=\"4\" role=\"button\" aria-controls=\"elementor-tab-content-2744\" aria-expanded=\"false\">\n\t\t\t\t\t\t\t\t\t\t\t\t\t<span class=\"elementor-accordion-icon elementor-accordion-icon-left\" aria-hidden=\"true\">\n\t\t\t\t\t\t\t\t\t\t\t\t\t\t\t<span class=\"elementor-accordion-icon-closed\"><svg class=\"e-font-icon-svg e-fas-chevron-down\" viewbox=\"0 0 448 512\" xmlns=\"http:\/\/www.w3.org\/2000\/svg\"><path d=\"M207.029 381.476L12.686 187.132c-9.373-9.373-9.373-24.569 0-33.941l22.667-22.667c9.357-9.357 24.522-9.375 33.901-.04L224 284.505l154.745-154.021c9.379-9.335 24.544-9.317 33.901.04l22.667 22.667c9.373 9.373 9.373 24.569 0 33.941L240.971 381.476c-9.373 9.372-24.569 9.372-33.942 0z\"><\/path><\/svg><\/span>\n\t\t\t\t\t\t\t\t<span class=\"elementor-accordion-icon-opened\"><svg class=\"e-font-icon-svg e-fas-chevron-up\" viewbox=\"0 0 448 512\" xmlns=\"http:\/\/www.w3.org\/2000\/svg\"><path d=\"M240.971 130.524l194.343 194.343c9.373 9.373 9.373 24.569 0 33.941l-22.667 22.667c-9.357 9.357-24.522 9.375-33.901.04L224 227.495 69.255 381.516c-9.379 9.335-24.544 9.317-33.901-.04l-22.667-22.667c-9.373-9.373-9.373-24.569 0-33.941L207.03 130.525c9.372-9.373 24.568-9.373 33.941-.001z\"><\/path><\/svg><\/span>\n\t\t\t\t\t\t\t\t\t\t\t\t\t\t<\/span>\n\t\t\t\t\t\t\t\t\t\t\t\t<a class=\"elementor-accordion-title\" tabindex=\"0\">Murind \u00een\u0219elat (Milburn Cockrell)<\/a>\n\t\t\t\t\t<\/div>\n\t\t\t\t\t<div id=\"elementor-tab-content-2744\" class=\"elementor-tab-content elementor-clearfix\" data-tab=\"4\" role=\"region\" aria-labelledby=\"elementor-tab-title-2744\"><p><strong>Descriere<\/strong>:<\/p><p class=\"p1\">Evanghelia este vestea bun\u0103 a singurului fel \u00een care sufletul omului poate fi salvat de Dumnezeu, dar mul\u021bi ast\u0103zi vestesc o minciun\u0103 care face ca oamenii s\u0103 \u00ee\u0219i pun\u0103 \u00eencrederea \u00een ceva fals sau par\u021bial adev\u0103rat \u0219i s\u0103 mearg\u0103 pe o cale care nu duce la salvarea pe care ei o a\u0219teapt\u0103. Mul\u021bimea de confesiuni \u0219i denomina\u021biuni din s\u00e2nul cre\u0219tinismului care, pornind de la aceea\u0219i Biblie, predic\u0103 mesaje diferite, este o dovad\u0103 \u00een acest sens. Aceast\u0103 bro\u0219ur\u0103 se adreseaz\u0103 tuturor celor ce doresc s\u0103 fie siguri c\u0103 \u00eencrederea lor este \u00een Evanghelia Scripturii \u0219i c\u0103 merg pe calea pl\u0103cut\u0103 lui Dumnezeu.<\/p><p><a href=\"https:\/\/drive.google.com\/file\/d\/1tJip-1Ga9QCL4b2OVZdbkYqu8-SK42GJ\/view?usp=sharing\" target=\"_blank\" rel=\"noopener\">Cite\u0219te articolul<\/a><\/p><\/div>\n\t\t\t\t<\/div>\n\t\t\t\t\t\t\t\t<\/div>\n\t\t\t\t\t\t<\/div>\n\t\t\t\t<\/div>\n\t\t\t\t\t<\/div>\n\t\t<\/div>\n\t\t\t\t\t<\/div>\n\t\t<\/section>\n\t\t\t\t<\/div>","protected":false},"excerpt":{"rendered":"<p>Articole Caut p\u0103c\u0103to\u0219i! (Curtis Pugh) Descriere: \u00cen general, omul are o p\u0103rere bun\u0103 despre sine \u00eensu\u0219i, c\u0103ut\u00e2nd s\u0103 arate celorlal\u021bi<\/p>","protected":false},"author":1,"featured_media":0,"parent":0,"menu_order":0,"comment_status":"closed","ping_status":"closed","template":"","meta":{"footnotes":""},"class_list":["post-409","page","type-page","status-publish","hentry","comments-off"],"_links":{"self":[{"href":"https:\/\/harulsuveran.ro\/en\/wp-json\/wp\/v2\/pages\/409","targetHints":{"allow":["GET"]}}],"collection":[{"href":"https:\/\/harulsuveran.ro\/en\/wp-json\/wp\/v2\/pages"}],"about":[{"href":"https:\/\/harulsuveran.ro\/en\/wp-json\/wp\/v2\/types\/page"}],"author":[{"embeddable":true,"href":"https:\/\/harulsuveran.ro\/en\/wp-json\/wp\/v2\/users\/1"}],"replies":[{"embeddable":true,"href":"https:\/\/harulsuveran.ro\/en\/wp-json\/wp\/v2\/comments?post=409"}],"version-history":[{"count":0,"href":"https:\/\/harulsuveran.ro\/en\/wp-json\/wp\/v2\/pages\/409\/revisions"}],"wp:attachment":[{"href":"https:\/\/harulsuveran.ro\/en\/wp-json\/wp\/v2\/media?parent=409"}],"curies":[{"name":"wp","href":"https:\/\/api.w.org\/{rel}","templated":true}]}}