{"id":103,"date":"2020-12-12T07:49:04","date_gmt":"2020-12-12T04:49:04","guid":{"rendered":"https:\/\/harulsuveran.ro\/?page_id=103"},"modified":"2025-05-07T20:49:52","modified_gmt":"2025-05-07T18:49:52","slug":"prezentare-generala","status":"publish","type":"page","link":"https:\/\/harulsuveran.ro\/it\/prezentare-generala\/","title":{"rendered":"Presentazione generale"},"content":{"rendered":"<div data-elementor-type=\"wp-page\" data-elementor-id=\"103\" class=\"elementor elementor-103\">\n\t\t\t\t\t\t<section class=\"elementor-section elementor-top-section elementor-element elementor-element-ee58ab8 elementor-section-boxed elementor-section-height-default elementor-section-height-default\" data-id=\"ee58ab8\" data-element_type=\"section\">\n\t\t\t\t\t\t<div class=\"elementor-container elementor-column-gap-default\">\n\t\t\t\t\t<div class=\"elementor-column elementor-col-100 elementor-top-column elementor-element elementor-element-cbbdd65\" data-id=\"cbbdd65\" data-element_type=\"column\">\n\t\t\t<div class=\"elementor-widget-wrap elementor-element-populated\">\n\t\t\t\t\t\t<div class=\"elementor-element elementor-element-37a342e elementor-widget elementor-widget-spacer\" data-id=\"37a342e\" data-element_type=\"widget\" data-widget_type=\"spacer.default\">\n\t\t\t\t<div class=\"elementor-widget-container\">\n\t\t\t\t\t\t\t<div class=\"elementor-spacer\">\n\t\t\t<div class=\"elementor-spacer-inner\"><\/div>\n\t\t<\/div>\n\t\t\t\t\t\t<\/div>\n\t\t\t\t<\/div>\n\t\t\t\t\t<\/div>\n\t\t<\/div>\n\t\t\t\t\t<\/div>\n\t\t<\/section>\n\t\t\t\t<section class=\"elementor-section elementor-top-section elementor-element elementor-element-7da5e39 elementor-section-boxed elementor-section-height-default elementor-section-height-default\" data-id=\"7da5e39\" data-element_type=\"section\">\n\t\t\t\t\t\t<div class=\"elementor-container elementor-column-gap-default\">\n\t\t\t\t\t<div class=\"elementor-column elementor-col-100 elementor-top-column elementor-element elementor-element-209ab6c\" data-id=\"209ab6c\" data-element_type=\"column\">\n\t\t\t<div class=\"elementor-widget-wrap elementor-element-populated\">\n\t\t\t\t\t\t<div class=\"elementor-element elementor-element-0d5ecea elementor-widget elementor-widget-image\" data-id=\"0d5ecea\" data-element_type=\"widget\" data-widget_type=\"image.default\">\n\t\t\t\t<div class=\"elementor-widget-container\">\n\t\t\t\t\t\t\t\t\t\t\t\t\t\t\t\t<a href=\"https:\/\/drive.google.com\/file\/d\/1J9giBYc-ij1NUlUKE_vZgdUHEviwcPsc\/view?usp=drive_link\" target=\"_blank\" rel=\"nofollow\">\n\t\t\t\t\t\t\t<img fetchpriority=\"high\" decoding=\"async\" width=\"1600\" height=\"1067\" src=\"https:\/\/harulsuveran.ro\/wp-content\/uploads\/2025\/05\/Poza-adunare.jpg\" class=\"attachment-full size-full wp-image-19931\" alt=\"\" srcset=\"https:\/\/harulsuveran.ro\/wp-content\/uploads\/2025\/05\/Poza-adunare.jpg 1600w, https:\/\/harulsuveran.ro\/wp-content\/uploads\/2025\/05\/Poza-adunare-300x200.jpg 300w, https:\/\/harulsuveran.ro\/wp-content\/uploads\/2025\/05\/Poza-adunare-1024x683.jpg 1024w, https:\/\/harulsuveran.ro\/wp-content\/uploads\/2025\/05\/Poza-adunare-768x512.jpg 768w, https:\/\/harulsuveran.ro\/wp-content\/uploads\/2025\/05\/Poza-adunare-1536x1024.jpg 1536w, https:\/\/harulsuveran.ro\/wp-content\/uploads\/2025\/05\/Poza-adunare-18x12.jpg 18w\" sizes=\"(max-width: 1600px) 100vw, 1600px\" \/>\t\t\t\t\t\t\t\t<\/a>\n\t\t\t\t\t\t\t\t\t\t\t\t\t\t\t<\/div>\n\t\t\t\t<\/div>\n\t\t\t\t\t<\/div>\n\t\t<\/div>\n\t\t\t\t\t<\/div>\n\t\t<\/section>\n\t\t\t\t<section class=\"elementor-section elementor-top-section elementor-element elementor-element-ba9523a elementor-section-boxed elementor-section-height-default elementor-section-height-default\" data-id=\"ba9523a\" data-element_type=\"section\">\n\t\t\t\t\t\t<div class=\"elementor-container elementor-column-gap-default\">\n\t\t\t\t\t<div class=\"elementor-column elementor-col-100 elementor-top-column elementor-element elementor-element-dbe35f8\" data-id=\"dbe35f8\" data-element_type=\"column\">\n\t\t\t<div class=\"elementor-widget-wrap elementor-element-populated\">\n\t\t\t\t\t\t<div class=\"elementor-element elementor-element-afcfcf9 elementor-widget elementor-widget-text-editor\" data-id=\"afcfcf9\" data-element_type=\"widget\" data-widget_type=\"text-editor.default\">\n\t\t\t\t<div class=\"elementor-widget-container\">\n\t\t\t\t\t\t\t\t\t<p class=\"has-text-align-left\"><em>L'Assemblea battista \"Grazia Sovrana\" (\u201cHarul Suveran\u201d)<\/em>\u00a0di Boc\u0219a, nella contea di Cara\u0219 Severin, \u00e8 stata organizzata il 21 giugno 2009,\u00a0<a href=\"http:\/\/gracebiblebaptistds.org\/Index.shtml\" target=\"_blank\" rel=\"noreferrer noopener\">dall'Assemblea battista biblica Grazia di Denham Springs, Louisiana<\/a>, attraverso il missionario\u00a0<a href=\"https:\/\/drive.google.com\/file\/d\/1Ka6IFIbQF3qmtvwv4kiHg-OYevyOI3UR\/view?usp=sharing\" target=\"_blank\" rel=\"noreferrer noopener\">Curtis Pugh<\/a>.<\/p><p class=\"has-text-align-left\">Che significa il nostro nome?\u00a0<strong>Noi ci chiamiamo assemblea<\/strong>, non chiesa, perch\u00e9 questa \u00e8 la traduzione corretta del termine originale. L'assemblea istituita dal Signore Ges\u00f9 Cristo \u00e8 un raduno organizzato di discepoli battezzati che si riuniscono regolarmente per svolgere la Grande Commissione. La nuova assemblea testamentaria \u00e8 sempre locale e visibile.<\/p><p class=\"has-text-align-left\">Siamo\u00a0<strong>battisti<\/strong>, perch\u00e9 i battisti sono cristiani originari. Le nostre assemblee sono state conosciute nel corso del tempo sotto vari nomi (novatiani, donatisti, valdesi, ecc.), e generalmente sotto il nome di anabattisti. Essi hanno avuto una continua esistenza dai tempi del Nuovo Testamento fino ad oggi.<\/p><p class=\"has-text-align-left\">Il nome \u201e<strong>battista<\/strong>\u201d significa \"battezzato\" e descrive l'importanza che attribuiamo a questo ordine biblico. Noi insistiamo che deve essere conservato come \u00e8 stato lasciato dal Signore Ges\u00f9 e praticato dagli apostoli, altrimenti l'atto \u00e8 invalido.\n\n La modalit\u00e0 scritturale per il battesimo \u00e8 l'immersione in acqua.\nIl candidato deve essere una persona che professa fede personale nel Signore Ges\u00f9 e nel Suo sacrificio. Il battesimo non salva nessuno, ma \u00e8 la testimonianza del candidato che egli \u00e8 stato salvato dal peccato, che egli si identifica pubblicamente con Cristo, con il suo sacrificio, con tutto il suo insegnamento, e che si impegni ad essere discepolo in tutto l'insegnamento di Cristo per l'assemblea nella quale entra con l'atto del battesimo. \nIl Battista autorizzato \u00e8 un rappresentante autorizzato di un'assemblea autentica. Il battesimo \u00e8 un'ordinanza della congregazione, e solo le assemblee autentiche possono amministrare il battesimo valido.<\/p><p class=\"has-text-align-left\">Siamo\u00a0<strong>battisti storici<\/strong>, vale a dire che sosteniamo i principi, le dottrine, le pratiche e l'identit\u00e0 affermata dai nostri antenati, in gran parte abbandonata dai battisti moderni. Noi sosteniamo che non siamo n\u00e9 protestanti n\u00e9 neoprotestanti, ma veniamo da assemblee separate dalle forme di cristianit\u00e0 apostata e persecutrice. Queste assemblee separate dello stato e del cristianesimo apostata sono esistite continuamente dal tempo del Signore Ges\u00f9 fino ad oggi, secondo le Sue promesse. Dio, sovrano della storia, ha fatto in modo che l'assemblea istituita da Cristo non sia mai cancellata dalla faccia della terra. \n\nNon ci impegniamo nel movimento ecumenico, che consideriamo parte della grande apostasia, e rimaniamo separati dalle assemblee battisti che hanno cessato di sostenere i loro principi storici e la loro identit\u00e0, impegnarsi oggi nell'ecumenismo e contribuire a una testimonianza confusa davanti al mondo.<\/p><p class=\"has-text-align-left\">Noi crediamo che il Signore Ges\u00f9 ha stabilito una vera assemblea locale e visibile. Le promise la Sua continua presenza in mezzo a lei e la vittoria contro Satana e i poteri del male. La Grande Commissione, riportata nel\u00a0<a href=\"https:\/\/www.biblestudytools.com\/riv\/matteo\/28-18.html\" target=\"_blank\" rel=\"noreferrer noopener\">Matteo 28:18-20<\/a>, \u00e8 affidata da Ges\u00f9 Cristo alla sua Assemblea e rappresenta il modello dell'espansione del Regno di Dio sulla terra, ma anche il modello della perpetuazione dell'Assemblea. Le fasi della Grande Commissione implicano che le assemblee si moltiplicano e si perpetuano per una successione di assemblee dello stesso tipo. Un'assemblea che \u00e8 sorta in modo diverso rispetto a questo ciclo ripetitivo \u00e8 antibiblica, anche se tra i suoi membri ci sono anche persone salvate.<\/p><p class=\"has-text-align-left\">Siamo\u00a0<strong>battisti indipendenti<\/strong>, cio\u00e8 non facciamo parte di organizzazioni suprareligiose (comunit\u00e0, sindacati, alleanze ecclesiastiche, ecc.), che consideriamo antibibliche. Ogni congregazione \u00e8 uguale, e nessuno ha autorit\u00e0 su un altro. Le nostre assemblee funzionano come semplici democrazie sotto la guida di Cristo, il Capo dell'Assemblea, e sotto la guida dello Spirito Santo. Tutti i membri sono uguali. Non abbiamo comitati o consigli di amministrazione nell'assemblea. I servi della congregazione non formano un clero o una classe separata. I membri identificano insieme la volont\u00e0 di Dio, prendendo decisioni con voto comune.<\/p><p class=\"has-text-align-left\">Il nome \u201e<strong>Grazia Sovrana<\/strong>\u201d indica che crediamo che la salvezza \u00e8 interamente opera di Dio. Dio \u00e8 assolutamente sovrano sulla sua creazione ed \u00e8 attivamente coinvolto in ogni dettaglio di essa. Dio \u00e8 anche sovrano sulla salvezza dell'uomo. L'uomo peccatore \u00e8 spiritualmente morto, ribelle contro Dio, perci\u00f2 non pu\u00f2 salvarsi con le opere, e non pu\u00f2 nemmeno rispondere alla chiamata del Vangelo finch\u00e9 lo Spirito di Dio non interviene per dargli vita spirituale. Poich\u00e9 la nostra salvezza \u00e8, dall'inizio alla fine, l'opera di Dio, \u00e8 certo, non pu\u00f2 essere perso, quindi, \u00e8 certo che tutti coloro per i quali Cristo mor\u00ec, \u00e8 certo, pagando il loro debito per i loro peccati, essi arriveranno a godere della presenza eterna di Dio.<\/p><p class=\"has-text-align-left\">Crediamo che sia un privilegio speciale, ma anche un dovere di ogni persona salvata far parte di una autentica assemblea in cui deve essere discepolo, crescere spiritualmente e cos\u00ec via, adorare Dio e servire i suoi simili secondo i suoi doni e le sue specifiche doti. Vi esortiamo gentilmente a cercare di essere parte di tale raduno! Solo in questo modo una persona salvata pu\u00f2 compiere il grande scopo per cui \u00e8 stata lasciata sulla terra e pu\u00f2 essere veramente compiuta e felice!<\/p><p class=\"has-text-align-left\">Maggiori dettagli sulle peculiarit\u00e0 delle assemblee battisti storiche possono essere trovate qui:\u00a0<a href=\"https:\/\/drive.google.com\/file\/d\/1JXFFI16o9qMdALDICguDd6dZpjx-1LZg\/view?usp=sharing\" target=\"_blank\" rel=\"noreferrer noopener\">Una breve descrizione dei battisti storici di Raul Enyedi<\/a>.<\/p><p class=\"has-text-align-left\" style=\"margin-bottom: 1.25em;\">Se vuoi saperne di pi\u00f9 sul nostro raduno e su come puoi farne parte, ti invitiamo a contattarci.<\/p>\t\t\t\t\t\t\t\t<\/div>\n\t\t\t\t<\/div>\n\t\t\t\t\t<\/div>\n\t\t<\/div>\n\t\t\t\t\t<\/div>\n\t\t<\/section>\n\t\t\t\t<\/div>","protected":false},"excerpt":{"rendered":"<p>Adunarea baptist\u0103 \u201eHarul Suveran\u201d\u00a0din Boc\u0219a, jud. Cara\u0219 Severin, a fost organizat\u0103 \u00een 21 iunie 2009 de c\u0103tre\u00a0Adunarea baptist\u0103 biblic\u0103 \u201eHarul\u201d<\/p>","protected":false},"author":1,"featured_media":0,"parent":0,"menu_order":0,"comment_status":"closed","ping_status":"closed","template":"","meta":{"footnotes":""},"class_list":["post-103","page","type-page","status-publish","hentry","comments-off"],"_links":{"self":[{"href":"https:\/\/harulsuveran.ro\/it\/wp-json\/wp\/v2\/pages\/103","targetHints":{"allow":["GET"]}}],"collection":[{"href":"https:\/\/harulsuveran.ro\/it\/wp-json\/wp\/v2\/pages"}],"about":[{"href":"https:\/\/harulsuveran.ro\/it\/wp-json\/wp\/v2\/types\/page"}],"author":[{"embeddable":true,"href":"https:\/\/harulsuveran.ro\/it\/wp-json\/wp\/v2\/users\/1"}],"replies":[{"embeddable":true,"href":"https:\/\/harulsuveran.ro\/it\/wp-json\/wp\/v2\/comments?post=103"}],"version-history":[{"count":7,"href":"https:\/\/harulsuveran.ro\/it\/wp-json\/wp\/v2\/pages\/103\/revisions"}],"predecessor-version":[{"id":19934,"href":"https:\/\/harulsuveran.ro\/it\/wp-json\/wp\/v2\/pages\/103\/revisions\/19934"}],"wp:attachment":[{"href":"https:\/\/harulsuveran.ro\/it\/wp-json\/wp\/v2\/media?parent=103"}],"curies":[{"name":"wp","href":"https:\/\/api.w.org\/{rel}","templated":true}]}}