{"id":128,"date":"2020-12-12T08:32:33","date_gmt":"2020-12-12T05:32:33","guid":{"rendered":"https:\/\/harulsuveran.ro\/?page_id=128"},"modified":"2020-12-12T08:32:33","modified_gmt":"2020-12-12T05:32:33","slug":"scurt-istoric","status":"publish","type":"page","link":"https:\/\/harulsuveran.ro\/it\/scurt-istoric\/","title":{"rendered":"Breve storia"},"content":{"rendered":"<div data-elementor-type=\"wp-page\" data-elementor-id=\"128\" class=\"elementor elementor-128\">\n\t\t\t\t\t\t<section class=\"elementor-section elementor-top-section elementor-element elementor-element-384b4dcc elementor-section-boxed elementor-section-height-default elementor-section-height-default\" data-id=\"384b4dcc\" data-element_type=\"section\">\n\t\t\t\t\t\t<div class=\"elementor-container elementor-column-gap-default\">\n\t\t\t\t\t<div class=\"elementor-column elementor-col-100 elementor-top-column elementor-element elementor-element-1b4d4559\" data-id=\"1b4d4559\" data-element_type=\"column\">\n\t\t\t<div class=\"elementor-widget-wrap elementor-element-populated\">\n\t\t\t\t\t\t<div class=\"elementor-element elementor-element-3ccb6c70 elementor-widget elementor-widget-text-editor\" data-id=\"3ccb6c70\" data-element_type=\"widget\" data-widget_type=\"text-editor.default\">\n\t\t\t\t<div class=\"elementor-widget-container\">\n\t\t\t\t\t\t\t\t\t<p><\/p>\n<p>Nel 1999, il fratello <a href=\"https:\/\/drive.google.com\/file\/d\/1Ka6IFIbQF3qmtvwv4kiHg-OYevyOI3UR\/view?usp=sharing\" target=\"_blank\" rel=\"noopener\">Curtis Pugh<\/a>, missionario inviato <a href=\"https:\/\/www.bereabaptistchurch.org\" target=\"_blank\" rel=\"noopener\">dall'Assemblea Battista di Berea da Mantachie, stato del Mississippi (USA)<\/a> , si stabil\u00ec in Romania con sua moglie Janet Pugh.<\/p>\n<p><\/p>\n<p class=\"p1\">Il lavoro missionario e la fondazione di congregazioni battiste indipendenti sono iniziate nel 2002. Fratello Raul, fratello Curtis e la sorella Janet iniziarono a incontrarsi regolarmente nella loro casa. Il primo battesimo \u00e8 avvenuto nel luglio 2002, quando il fratello <a href=\"https:\/\/drive.google.com\/file\/d\/1Nyn3auRsFyo6U1A_s9ijBfYY74QoWx3g\/view?usp=sharing\" target=\"_blank\" rel=\"noopener\">Raul Enyedi<\/a> fu battezzato scritturale dal fratello Curtis. Poco dopo, fratello <a href=\"https:\/\/drive.google.com\/file\/d\/1Nyn3auRsFyo6U1A_s9ijBfYY74QoWx3g\/view?usp=sharing\" target=\"_blank\" rel=\"noopener\">Aurel Miclea jr.<\/a> e altri hanno iniziato a partecipare regolarmente alle riunioni. Acquistammo la nostra prima attrezzatura da stampa e iniziammo a stampare pubblicazioni evangelistiche e dottrinali, che distribuimmo gratuitamente. Nel primo anno abbiamo stampato 9000 libri e brochure. \nLa tiratura, il numero di pubblicazioni e il volume della stampa hanno continuato ad aumentare anno dopo anno, quindi nel 2019 abbiamo raggiunto 1 milione di pubblicazioni stampate e distribuite.<\/p>\n<p><\/p>\n<p>Il secondo servizio di battesimo ebbe luogo nell'agosto 2003, Aurel Miclea \u00e8 uno dei candidati. \nNel settembre 2003, seguendo l'invito di un gruppo di fratelli della citt\u00e0 di Filia\u0219i, nel sud della Romania, abbiamo iniziato le riunioni regolari l\u00ec, nella casa di Nicu Fundeanu. Per un periodo ho percorso ogni domenica i 250 km tra Boc\u0219a e Filia\u0219i.<\/p>\n<p><\/p>\n<p>Nel maggio 2004, abbiamo cambiato la nostra appartenenza <a href=\"http:\/\/gracebiblebaptistds.org\/Index.shtml\" target=\"_blank\" rel=\"noreferrer noopener\">alla congregazione Grace Bible Baptist<\/a> a Denham Springs, Louisiana, USA. Fratello Jerry Dodson Sr. era il nostro pastore.<\/p>\n<p><\/p>\n<p>Nel luglio 2005, ha avuto luogo il terzo battesimo. Dei battezzati c'erano i fratelli Aurel Munteanu e Nicu Fundanu. Abbiamo continuato gli incontri regolari a Boc\u0219a e Filia\u0219i, ma abbiamo iniziato anche a fare viaggi missionari nel Paese.<\/p>\n<p><\/p>\n<p>Nel gennaio 2008, abbiamo organizzato la nostra prima conferenza annuale. \u00c8 stato un evento speciale e benedetto che ha aperto le porte a pi\u00f9 riunioni di questo tipo. Queste conferenze hanno continuato a crescere di anno in anno, essendo frequentate da persone provenienti da tutto il paese e persino da altri paesi. Ci sono pi\u00f9 che riunioni di compagnia, ci sono conferenze di insegnamento, in cui vengono studiati i principali temi biblici.<\/p>\n<p><\/p>\n<p>Il 21 giugno 2009, su richiesta dei suoi membri in Romania, la Grace Bible Baptist Assembly di Denham Springs ci ha liberato dalla sua appartenenza per essere organizzati come congregazione sorella indipendente chiamata Assemblea  Battista \u201cGrazia Sovrana\u201d di Boc\u0219a, Romania. I primi membri dell'Assemblea furono il Raul Enyedi, Aurel Miclea Jr., Nicolae Fundeanu e Aurel Munteanu. Lo stesso giorno, l'assemblaggio ha scelto fratello Raul Enyedi per servirli come pastore.<\/p>\n<p><\/p>\n<p>Nel luglio 2009, l'Assemblea appena organizzata aveva il suo primo servizio di battesimo, seguito dalla cena del Signore. Diversi battesimi seguiti nel 2010, 2011, 2014, 2015, 2017, 2018, 2019, 2020, 2022, 2023.<\/p>\n<p><\/p>\n<p>Nell'ottobre 2010, <a href=\"https:\/\/drive.google.com\/file\/d\/1Ka6IFIbQF3qmtvwv4kiHg-OYevyOI3UR\/view?usp=sharing\" target=\"_blank\" rel=\"noreferrer noopener\">il fratello Curtis e la sorella Janet<\/a> sono tornati negli Stati Uniti a causa di problemi di salute. Sono partiti perch\u00e9 non volevano essere un peso per il lavoro qui. I loro cuori sono rimasti in Romania, ma hanno portato con s\u00e9 il nostro amore e la nostra gratitudine per essere venuti in questa parte del mondo, per aver sacrificato cos\u00ec tanto per restare qui il pi\u00f9 a lungo possibile e ben oltre ci\u00f2 che era umanamente possibile, finch\u00e9 noi, come congregazione, siamo stati in grado di continuare il lavoro iniziato da fratello Curtis Pugh.<\/p>\n<p><\/p>\n<p>Nel 2011, fratello Raul ha fatto il suo primo viaggio negli Stati Uniti, visitando quasi 40 raduni, mentre il secondo viaggio ha avuto luogo nel 2017. Poco prima di arrivare fratello Raul negli Stati Uniti, per incontrare il fratello Curtis e la sorella Janet, il Signore chiam\u00f2 acasa la sorella Janet. Resta da incontrarci di nuovo alla beata risurrezione.<\/p>\n<p><\/p>\n<p>Nel 2013, l'assemblea ha scelto Aurel Munteanu e Aurel Miclea come evangelisti, diffondendo il Vangelo e insegnando la Bibbia nelle loro zone.<\/p>\n<p><\/p>\n<p>Nel 2016 l\u2019Assemblea ha avviato altre due missioni, una a Timi\u015foara e l\u2019altra a Bucarest. Nello stesso anno, fratello Raul fece il primo viaggio missionario in Per\u00f9, in Sud America. Ha fatto un secondo viaggio nel 2018.<\/p>\n<p><\/p>\n<p>Nel febbraio 2018, il Signore ha chiamato fratello Curtis a casa. Le sue ultime parole rivolte a fratello Raul aveva una domanda sul lavoro qui, voleva assicurarsi che fossimo tutti pronti e in grado di continuare il lavoro dopo che lui fosse tornato a casa dal Signore. La sua devozione per noi \u00e8 rimasta la stessa fino alla fine della sua vita. Voleva avere sulla sua pietra funebre le parole in rumeno:  \u201cNumai harul\u201d \"Solo grazia\"! Riassumono tutta la sua vita e il suo servizio.<\/p>\n<p><\/p>\n<p>Nel 2019, l'Assemblea ha goduto dell'anniversario di 10 anni di esistenza, ma anche la portata della soglia di 1 milione di pubblicazioni stampate e distribuite.\u00a0<\/p>\n<p><span style=\"color: var( --e-global-color-text ); font-weight: var( --e-global-typography-text-font-weight ); background-color: var(--page-background-color); font-family: var(--text-font); font-size: 1.0625rem;\">Attualmente ci sono incontri regolari dell'Assemblea a Boc\u0219a, nonch\u00e9 nei punti di missione in Filia\u0219i, Bucarest e Timi\u0219oara.<\/span><\/p>\n<p>Se desideri partecipare ai nostri incontri, consulta la sezione <a href=\"https:\/\/harulsuveran.ro\/it\/locatii\/\" target=\"_blank\" rel=\"noopener\">Contatti\/Posizioni<\/a> per conoscere gli indirizzi e gli orari degli incontri.<\/p>\n<p><\/p>\t\t\t\t\t\t\t\t<\/div>\n\t\t\t\t<\/div>\n\t\t\t\t\t<\/div>\n\t\t<\/div>\n\t\t\t\t\t<\/div>\n\t\t<\/section>\n\t\t\t\t<\/div>","protected":false},"excerpt":{"rendered":"<p>\u00cen anul 1999, fratele Curtis Pugh, misionar trimis de Adunarea baptist\u0103 Berea din Mantachie, statul Mississippi (SUA) s-a stabilit \u00een<\/p>","protected":false},"author":1,"featured_media":0,"parent":0,"menu_order":0,"comment_status":"closed","ping_status":"closed","template":"","meta":{"footnotes":""},"class_list":["post-128","page","type-page","status-publish","hentry","comments-off"],"_links":{"self":[{"href":"https:\/\/harulsuveran.ro\/it\/wp-json\/wp\/v2\/pages\/128","targetHints":{"allow":["GET"]}}],"collection":[{"href":"https:\/\/harulsuveran.ro\/it\/wp-json\/wp\/v2\/pages"}],"about":[{"href":"https:\/\/harulsuveran.ro\/it\/wp-json\/wp\/v2\/types\/page"}],"author":[{"embeddable":true,"href":"https:\/\/harulsuveran.ro\/it\/wp-json\/wp\/v2\/users\/1"}],"replies":[{"embeddable":true,"href":"https:\/\/harulsuveran.ro\/it\/wp-json\/wp\/v2\/comments?post=128"}],"version-history":[{"count":0,"href":"https:\/\/harulsuveran.ro\/it\/wp-json\/wp\/v2\/pages\/128\/revisions"}],"wp:attachment":[{"href":"https:\/\/harulsuveran.ro\/it\/wp-json\/wp\/v2\/media?parent=128"}],"curies":[{"name":"wp","href":"https:\/\/api.w.org\/{rel}","templated":true}]}}