{"id":132,"date":"2020-12-12T08:37:15","date_gmt":"2020-12-12T05:37:15","guid":{"rendered":"https:\/\/harulsuveran.ro\/?page_id=132"},"modified":"2025-04-01T21:49:40","modified_gmt":"2025-04-01T19:49:40","slug":"doctrine-principale","status":"publish","type":"page","link":"https:\/\/harulsuveran.ro\/it\/doctrine-principale\/","title":{"rendered":"Dottrine principali"},"content":{"rendered":"<div data-elementor-type=\"wp-page\" data-elementor-id=\"132\" class=\"elementor elementor-132\">\n\t\t\t\t\t\t<section class=\"elementor-section elementor-top-section elementor-element elementor-element-535d388d elementor-section-boxed elementor-section-height-default elementor-section-height-default\" data-id=\"535d388d\" data-element_type=\"section\">\n\t\t\t\t\t\t<div class=\"elementor-container elementor-column-gap-default\">\n\t\t\t\t\t<div class=\"elementor-column elementor-col-100 elementor-top-column elementor-element elementor-element-112a18af\" data-id=\"112a18af\" data-element_type=\"column\">\n\t\t\t<div class=\"elementor-widget-wrap elementor-element-populated\">\n\t\t\t\t\t\t<div class=\"elementor-element elementor-element-1c8a1cff elementor-widget elementor-widget-text-editor\" data-id=\"1c8a1cff\" data-element_type=\"widget\" data-widget_type=\"text-editor.default\">\n\t\t\t\t<div class=\"elementor-widget-container\">\n\t\t\t\t\t\t\t\t\t\n<p><strong>La Bibbia.<\/strong> Noi crediamo che la Bibbia, sia l'Antico che il Nuovo Testamento, rappresenti la Parola di Dio, ispirata verbalmente da Lui. \u00c8 una guida completa e infallibile e uno standard autoritario in tutte le questioni di religione e morale. Qualunque cosa essa insegna deve essere creduta, e tutto ci\u00f2 che comanda deve essere obbedito; qualsiasi cosa raccomanda deve essere accettata come sia giusta che utile; tutto ci\u00f2 che condanna deve essere evitato come sia sbagliato che dannoso; e; ma ci\u00f2 che n\u00e9 comanda n\u00e9 insegna non deve essere imposto alla coscienza come un obbligo religioso. Il Nuovo Testamento \u00e8 la costituzione del cristianesimo, lo statuto dell'assemblea cristiana, l'unico codice autorevole di diritto ecclesiastico, la base e la giustificazione di tutte le ordinanze cristiane.<\/p>\n\n<p><strong>Dio Padre.<\/strong> Noi crediamo che Dio Padre (insieme al Figlio e allo Spirito Santo) \u00e8 il Creatore di tutte le cose, onnipotente, onnipresente e onnisciente. \u00c8 senza inizio n\u00e9 fine, \u00e8 perfettamente santo, \u00e8 pieno di misericordia e di grazia, ama l'uomo in modo supremo e salva perfettamente ed eternamente tutti coloro che vengono a Lui nel pentimento e nella fede. Dio \u00e8 il sovrano e sostenitore di tutta la Sua creazione ed \u00e8 attivamente coinvolto nei suoi pi\u00f9 piccoli dettagli.<\/p>\n\n<p><strong>Ges\u00f9 Cristo.<\/strong> Crediamo che Ges\u00f9 Cristo \u00e8 Dio il Figlio. Egli era fin dall'inizio con il Padre ed \u00e8 uguale a Lui. Egli si umili\u00f2 volontariamente per nascere da una vergine e divenne il Dio incarnato, essendo stato miracolosamente concepito dallo Spirito Santo. Nella sua vita era senza peccato, essendo totalmente obbediente al Padre. Morendo sul Calvario, Egli si port\u00f2 come sacrificio espiatorio per i peccati del Suo popolo, tutti coloro che credono in Lui. Il suo corpo fu sepolto, ma si risuscit\u00f2 il terzo giorno, essendo vittorioso sul peccato e la morte. Egli ascese al Cielo, siede alla destra del trono di Dio e continua il suo lavoro come Sommo Sacerdote, intercedendo per i Suoi eletti. Egli ha promesso di tornare per il suo popolo, e noi crediamo che la sua seconda venuta \u00e8 imminente.<\/p>\n\n<p><strong>Spirito Santo.<\/strong> Noi crediamo che lo Spirito Santo \u00e8 uguale al Padre e al Figlio. La Sua opera nel mondo \u00e8 di convincere le persone del peccato, della giustizia e del giudizio che sta arrivando. La sua opera negli eletti consiste nel loro rinascere, cio\u00e8 nel portare il loro spirito alla vita, permettendo cos\u00ec loro di rivolgersi a Dio in pentimento e di credere in Ges\u00f9 come Signore e Salvatore. Dopo essere rinato, lo Spirito Santo comincia a dimorare in ogni credente, guidandolo e insegnando la verit\u00e0 della Parola di Dio e permettendogli di vivere per Cristo e in un'imitazione attiva di Lui. Il frutto dello Spirito e la perseveranza nella santit\u00e0 sono le prove che una persona ha lo Spirito Santo.<\/p>\n\n<p><strong>L'umano.<\/strong> Noi crediamo che l'uomo \u00e8 stato creato da Dio a sua immagine e somiglianza. Ma l'uomo, con un atto di disobbedienza intenzionale, ha peccato e gettato se stesso e tutta la sua posterit\u00e0 in uno stato di peccato. Ogni uomo \u00e8 morto nei suoi errori e peccati, cio\u00e8 spiritualmente morto. \u00c8 un peccatore sia per natura che per scelta. Nessuna parte dell'uomo \u00e8 rimasta immune dal peccato, ed egli divenne incapace di scegliere Dio per la sua propria volont\u00e0. Per essere salvato, deve essere risuscitato spiritualmente, cio\u00e8 rinato. Se uno muore senza essere salvato (rinato spiritualmente), finir\u00e0 nel lago di fuoco, separato eternamente da Dio.<\/p>\n\n<p><strong>Il diavolo.<\/strong> Noi crediamo che il diavolo \u00e8 un essere spirituale. \u00c8 stato creato da Dio perfetto, e rimase cos\u00ec fino a quando il peccato \u00e8 stato trovato in lui. L'orgoglio lo ha fatto ribellarsi contro Dio, e cos\u00ec \u00e8 stato cacciato dal Cielo. Influenza e governa le nazioni di questo mondo. Era lo strumento attraverso il quale l'uomo \u00e8 caduto, e ora continua a ingannare la gente, presentandosi come l'angelo della luce. Attraverso la sua opera di imitazione, cerca di generare confusione, caos e apostasia nel Regno di Cristo, per tenere le persone lontane dalla Sua assemblea, e per ostacolare l'avanzamento del Vangelo nel mondo.<\/p>\n\n<p><strong>La salvezza.<\/strong> Crediamo che Dio ha fornito una via di salvezza per l'uomo, e questo \u00e8 presentato nel Vangelo. Il suo messaggio \u00e8 centrato sul Dio incarnato, Ges\u00f9 Cristo, che mor\u00ec per i nostri peccati, fu sepolto e risuscit\u00f2 il terzo giorno, adempiendo cos\u00ec le Scritture. Chiunque ascolta il Vangelo \u00e8 chiamato a cessare la sua ribellione contro Dio e tornare a Lui per essere perdonato. La salvezza si ottiene attraverso il pentimento verso Dio e la fede nella persona e nell'opera del Signore Ges\u00f9 Cristo. La salvezza dipende interamente dalla grazia di Dio e non pu\u00f2 essere meritata in alcun modo da nessun uomo, a causa di nessuna delle sue azioni o atteggiamenti. Nessun uomo pu\u00f2 salvarsi, e nessuna istituzione religiosa pu\u00f2 assicurare la salvezza di nessuno. La salvezza dipende dal rapporto personale tra l'uomo e Dio. La nostra salvezza \u00e8 dovuta a Cristo, che ha volontariamente versato il proprio sangue al nostro posto. Questo \u00e8 un perdono per il peccatore giustamente condannato da Dio, il giusto e santo Giudice. La salvezza consiste nel perdono dei nostri peccati, nell'imputazione della giustizia di Cristo nei nostri diritti e nella garanzia della vita eterna. Essendo l'opera di Dio, l'uomo non pu\u00f2 perdere la sua salvezza, il suo sacrificio e quindi la continua intercessione di Cristo per i suoi eletti garantendo il loro conseguimento nella sua presenza di Dio.<\/p>\n\n<p><strong>Cielo e inferno.<\/strong> Noi crediamo che il cielo e l'inferno sono luoghi letterali, dove le persone andranno in uno di questi due luoghi. Il cielo \u00e8 il luogo creato da Dio per Cristo e per tutti i suoi redenti. Essi dimoreranno per sempre alla presenza di Dio. Gli increduli passeranno l'eternit\u00e0 nel lago di fuoco, insieme al diavolo, all'anticristo e a tutti gli agenti del male, essendo per sempre separati da Dio.<\/p>\n\n<p><strong>La riunione.<\/strong> Crediamo che l'Assemblea sia un'istituzione fondata dal Signore Ges\u00f9 Cristo stesso durante il suo ministero terreno. La chiesa fondata da Cristo era locale e visibile. Il Nuovo Testamento non conosce altri tipi di assemblea, perci\u00f2 rifiutiamo il concetto di una chiesa universale, visibile o invisibile, e riteniamo che questo concetto sia antiscritturale e dannoso, mina l'autorit\u00e0 delle assemblee locali. Un'autentica assemblea \u00e8 composta da persone rinate che sono state battezzate correttamente e sono state riunite secondo l'ordine della Scrittura per svolgere l'opera di Cristo. La chiesa \u00e8 la casa spirituale di Dio, l'unico luogo dove Dio riceve il culto e il servizio pubblico dei credenti. \u00c8 la colonna e il fondamento della verit\u00e0, perch\u00e9 sono stati incaricati degli insegnamenti di Cristo per difenderli e proclamarli. Il Signore Ges\u00f9 promette all'Assemblea la Sua continua presenza e vittoria nella guerra spirituale contro il maligno. L'assemblea di Cristo non \u00e8 mai stata sconfitta perch\u00e9 non c'\u00e8 mai stato un tempo in cui non ci sono state autentiche assemblee locali da quando il Signore Ges\u00f9 fond\u00f2 la prima fino ad oggi. Ogni credente ha il dovere di cercare di far parte di un'autentica assemblea di Cristo.<\/p>\n\n<p><strong>Il lavoro della missione.<\/strong> Crediamo che la Grande Commissione \u00e8 stata data dal Signore Ges\u00f9 alla sua assemblea. Questo consiste nel comandamento di fare discepoli, proclamando il vangelo ai non salvati, battezzando coloro che credono in esso e riunendoli nelle assemblee per essere istruiti su tutto ci\u00f2 che Cristo ha comandato. La Grande Commissione rappresenta il modello di perpetuazione dell'Assemblea di Cristo fino al Suo ritorno. Gli evangelisti o i missionari devono essere chiamati da Dio e inviati nell'opera di esecuzione della Grande Commissione dall'assemblea locale di cui sono membri. Devono essere sostenuti finanziariamente dall'assemblea che li ha inviati e, quando necessario, dalle assemblee locali delle suore, rendendo conto alla congregazione del lavoro che svolgono.<\/p>\n\t\t\t\t\t\t\t\t<\/div>\n\t\t\t\t<\/div>\n\t\t\t\t\t<\/div>\n\t\t<\/div>\n\t\t\t\t\t<\/div>\n\t\t<\/section>\n\t\t\t\t<\/div>","protected":false},"excerpt":{"rendered":"<p>Biblia. Noi credem c\u0103 Biblia, at\u00e2t Vechiul c\u00e2t \u0219i Noul Testament, reprezint\u0103 Cuv\u00e2ntul lui Dumnezeu, inspirat verbal de El. Ea<\/p>","protected":false},"author":1,"featured_media":0,"parent":0,"menu_order":0,"comment_status":"closed","ping_status":"closed","template":"","meta":{"footnotes":""},"class_list":["post-132","page","type-page","status-publish","hentry","comments-off"],"_links":{"self":[{"href":"https:\/\/harulsuveran.ro\/it\/wp-json\/wp\/v2\/pages\/132","targetHints":{"allow":["GET"]}}],"collection":[{"href":"https:\/\/harulsuveran.ro\/it\/wp-json\/wp\/v2\/pages"}],"about":[{"href":"https:\/\/harulsuveran.ro\/it\/wp-json\/wp\/v2\/types\/page"}],"author":[{"embeddable":true,"href":"https:\/\/harulsuveran.ro\/it\/wp-json\/wp\/v2\/users\/1"}],"replies":[{"embeddable":true,"href":"https:\/\/harulsuveran.ro\/it\/wp-json\/wp\/v2\/comments?post=132"}],"version-history":[{"count":1,"href":"https:\/\/harulsuveran.ro\/it\/wp-json\/wp\/v2\/pages\/132\/revisions"}],"predecessor-version":[{"id":19850,"href":"https:\/\/harulsuveran.ro\/it\/wp-json\/wp\/v2\/pages\/132\/revisions\/19850"}],"wp:attachment":[{"href":"https:\/\/harulsuveran.ro\/it\/wp-json\/wp\/v2\/media?parent=132"}],"curies":[{"name":"wp","href":"https:\/\/api.w.org\/{rel}","templated":true}]}}