{"id":19789,"date":"2022-04-15T19:55:42","date_gmt":"2022-04-15T17:55:42","guid":{"rendered":"https:\/\/harulsuveran.ro\/?page_id=19789"},"modified":"2025-04-12T20:14:32","modified_gmt":"2025-04-12T18:14:32","slug":"proiecte-umanitare","status":"publish","type":"page","link":"https:\/\/harulsuveran.ro\/it\/proiecte-umanitare\/","title":{"rendered":"Progetti umanitari"},"content":{"rendered":"<div data-elementor-type=\"wp-page\" data-elementor-id=\"19789\" class=\"elementor elementor-19789\">\n\t\t\t\t\t\t<section class=\"elementor-section elementor-top-section elementor-element elementor-element-66dc8ab elementor-section-boxed elementor-section-height-default elementor-section-height-default\" data-id=\"66dc8ab\" data-element_type=\"section\">\n\t\t\t\t\t\t<div class=\"elementor-container elementor-column-gap-default\">\n\t\t\t\t\t<div class=\"elementor-column elementor-col-100 elementor-top-column elementor-element elementor-element-8c018b2\" data-id=\"8c018b2\" data-element_type=\"column\">\n\t\t\t<div class=\"elementor-widget-wrap elementor-element-populated\">\n\t\t\t\t\t\t<div class=\"elementor-element elementor-element-5b8b556 elementor-widget elementor-widget-heading\" data-id=\"5b8b556\" data-element_type=\"widget\" data-widget_type=\"heading.default\">\n\t\t\t\t<div class=\"elementor-widget-container\">\n\t\t\t\t\t<h3 class=\"elementor-heading-title elementor-size-default\">Chi fa la carit\u00e0 al povero fa un prestito al Signore\nche gli ripagher\u00e0 la buona azione.<\/h3>\t\t\t\t<\/div>\n\t\t\t\t<\/div>\n\t\t\t\t\t<\/div>\n\t\t<\/div>\n\t\t\t\t\t<\/div>\n\t\t<\/section>\n\t\t\t\t<section class=\"elementor-section elementor-top-section elementor-element elementor-element-9ff7769 elementor-section-boxed elementor-section-height-default elementor-section-height-default\" data-id=\"9ff7769\" data-element_type=\"section\">\n\t\t\t\t\t\t<div class=\"elementor-container elementor-column-gap-default\">\n\t\t\t\t\t<div class=\"elementor-column elementor-col-100 elementor-top-column elementor-element elementor-element-5db8ee2\" data-id=\"5db8ee2\" data-element_type=\"column\">\n\t\t\t<div class=\"elementor-widget-wrap elementor-element-populated\">\n\t\t\t\t\t\t<div class=\"elementor-element elementor-element-7c4b057 elementor-widget elementor-widget-heading\" data-id=\"7c4b057\" data-element_type=\"widget\" data-widget_type=\"heading.default\">\n\t\t\t\t<div class=\"elementor-widget-container\">\n\t\t\t\t\t<h4 class=\"elementor-heading-title elementor-size-default\">- Proverbi 19:17<\/h4>\t\t\t\t<\/div>\n\t\t\t\t<\/div>\n\t\t\t\t\t<\/div>\n\t\t<\/div>\n\t\t\t\t\t<\/div>\n\t\t<\/section>\n\t\t\t\t<section class=\"elementor-section elementor-top-section elementor-element elementor-element-7d8e6ab elementor-section-boxed elementor-section-height-default elementor-section-height-default\" data-id=\"7d8e6ab\" data-element_type=\"section\">\n\t\t\t\t\t\t<div class=\"elementor-container elementor-column-gap-default\">\n\t\t\t\t\t<div class=\"elementor-column elementor-col-100 elementor-top-column elementor-element elementor-element-3502ab7\" data-id=\"3502ab7\" data-element_type=\"column\">\n\t\t\t<div class=\"elementor-widget-wrap elementor-element-populated\">\n\t\t\t\t\t\t<div class=\"elementor-element elementor-element-8387e19 elementor-widget-divider--view-line elementor-widget elementor-widget-divider\" data-id=\"8387e19\" data-element_type=\"widget\" data-widget_type=\"divider.default\">\n\t\t\t\t<div class=\"elementor-widget-container\">\n\t\t\t\t\t\t\t<div class=\"elementor-divider\">\n\t\t\t<span class=\"elementor-divider-separator\">\n\t\t\t\t\t\t<\/span>\n\t\t<\/div>\n\t\t\t\t\t\t<\/div>\n\t\t\t\t<\/div>\n\t\t\t\t\t<\/div>\n\t\t<\/div>\n\t\t\t\t\t<\/div>\n\t\t<\/section>\n\t\t\t\t<section class=\"elementor-section elementor-top-section elementor-element elementor-element-d7ab1b3 elementor-section-boxed elementor-section-height-default elementor-section-height-default\" data-id=\"d7ab1b3\" data-element_type=\"section\">\n\t\t\t\t\t\t<div class=\"elementor-container elementor-column-gap-default\">\n\t\t\t\t\t<div class=\"elementor-column elementor-col-100 elementor-top-column elementor-element elementor-element-2d96f2f\" data-id=\"2d96f2f\" data-element_type=\"column\">\n\t\t\t<div class=\"elementor-widget-wrap elementor-element-populated\">\n\t\t\t\t\t\t<div class=\"elementor-element elementor-element-aa669aa elementor-widget elementor-widget-text-editor\" data-id=\"aa669aa\" data-element_type=\"widget\" data-widget_type=\"text-editor.default\">\n\t\t\t\t<div class=\"elementor-widget-container\">\n\t\t\t\t\t\t\t\t\t<p>Sebbene <span style=\"text-align: justify; color: var( --e-global-color-text ); font-weight: var( --e-global-typography-text-font-weight ); font-size: 1.125rem; background-color: var(--page-background-color); font-family: var(--text-font);\">il progetto di Ges\u00f9 per l'assemblea, illustrato nel Grande Mandato, sia di natura puramente spirituale, dalle Scritture apprendiamo anche che, in determinate situazioni giustificabili, un'assemblea dovrebbe mostrare amore agli altri nel bisogno e nell'angoscia.\u00a0<\/span><\/p><p>L'amore per il prossimo \u00e8 un amore che si basa su azioni concrete (Prima lettera di Giovanni 3:18) e che segue il modello divino espresso dal Signore Cristo nella parabola del Samaritano (Vangelo di Luca 10:36-37).<\/p><p>Ogni persona nata di nuovo \u00e8 chiamata a glorificare Dio essendo simile a Cristo nel carattere e nelle azioni. Dio \u00e8 un Dio benevolo, ricco e generoso, che ci ha insegnato in Cristo a seguire le sue orme.<\/p><p>Ca Adunare credem c\u0103 m\u0103rturia noastr\u0103 \u0219i dragostea fa\u021b\u0103 de aproapele trebuie s\u0103 fie la cel mai \u00eenalt nivel, mai \u00eenalt\u0103 chiar dec\u00e2t dragostea individual\u0103 ar\u0103tat\u0103 la nivel personal de un singur copil al Domnului \u00een \u00cemp\u0103r\u0103\u021bie. Astfel, atunci c\u00e2nd exist\u0103 o nevoie real\u0103, iar Dumnezeu ne binecuvinteaz\u0103 cu resurse, trebuie s\u0103 ajut\u0103m pe cei afla\u021bi \u00een nevoi, a\u0219a cum suntem \u00eenv\u0103\u021ba\u021bi de Domnul nostru.<\/p><p>Il progetto di aiuto pi\u00f9 recente della nostra Assemblea riguarda la situazione di conflitto in Ucraina. Dio ci ha aiutato a raccogliere risorse e siamo stati in grado di metterle a disposizione dei nostri fratelli e sorelle in Ucraina, ma anche di coloro che non sono ancora nostri fratelli e sorelle nel Signore.<\/p><p>Per essere sempre aggiornati sulle ultime novit\u00e0 del progetto di aiuto all'Ucraina, visitate la pagina del progetto di aiuto all' <a href=\"https:\/\/harulsuveran.ro\/it\/ucraina\/\">Ucraina<\/a>.<\/p>\t\t\t\t\t\t\t\t<\/div>\n\t\t\t\t<\/div>\n\t\t\t\t\t<\/div>\n\t\t<\/div>\n\t\t\t\t\t<\/div>\n\t\t<\/section>\n\t\t\t\t<\/div>","protected":false},"excerpt":{"rendered":"<p>Cine are mil\u0103 de s\u0103rac \u00eemprumut\u0103 pe Domnul, \u015fi El \u00eei va r\u0103spl\u0103ti binefacerea. &#8211; Proverbele, 19:17 De\u0219i planul Domnului<\/p>","protected":false},"author":1,"featured_media":0,"parent":0,"menu_order":0,"comment_status":"closed","ping_status":"closed","template":"","meta":{"footnotes":""},"class_list":["post-19789","page","type-page","status-publish","hentry","comments-off"],"_links":{"self":[{"href":"https:\/\/harulsuveran.ro\/it\/wp-json\/wp\/v2\/pages\/19789","targetHints":{"allow":["GET"]}}],"collection":[{"href":"https:\/\/harulsuveran.ro\/it\/wp-json\/wp\/v2\/pages"}],"about":[{"href":"https:\/\/harulsuveran.ro\/it\/wp-json\/wp\/v2\/types\/page"}],"author":[{"embeddable":true,"href":"https:\/\/harulsuveran.ro\/it\/wp-json\/wp\/v2\/users\/1"}],"replies":[{"embeddable":true,"href":"https:\/\/harulsuveran.ro\/it\/wp-json\/wp\/v2\/comments?post=19789"}],"version-history":[{"count":3,"href":"https:\/\/harulsuveran.ro\/it\/wp-json\/wp\/v2\/pages\/19789\/revisions"}],"predecessor-version":[{"id":19929,"href":"https:\/\/harulsuveran.ro\/it\/wp-json\/wp\/v2\/pages\/19789\/revisions\/19929"}],"wp:attachment":[{"href":"https:\/\/harulsuveran.ro\/it\/wp-json\/wp\/v2\/media?parent=19789"}],"curies":[{"name":"wp","href":"https:\/\/api.w.org\/{rel}","templated":true}]}}