{"id":261,"date":"2020-12-12T10:52:54","date_gmt":"2020-12-12T07:52:54","guid":{"rendered":"https:\/\/harulsuveran.ro\/?page_id=261"},"modified":"2020-12-12T10:52:54","modified_gmt":"2020-12-12T07:52:54","slug":"viziunea-adunarii","status":"publish","type":"page","link":"https:\/\/harulsuveran.ro\/it\/viziunea-adunarii\/","title":{"rendered":"La visione dell'assemblea"},"content":{"rendered":"<div data-elementor-type=\"wp-page\" data-elementor-id=\"261\" class=\"elementor elementor-261\">\n\t\t\t\t\t\t<section class=\"elementor-section elementor-top-section elementor-element elementor-element-fe59351 elementor-section-boxed elementor-section-height-default elementor-section-height-default\" data-id=\"fe59351\" data-element_type=\"section\">\n\t\t\t\t\t\t<div class=\"elementor-container elementor-column-gap-default\">\n\t\t\t\t\t<div class=\"elementor-column elementor-col-100 elementor-top-column elementor-element elementor-element-df69617\" data-id=\"df69617\" data-element_type=\"column\">\n\t\t\t<div class=\"elementor-widget-wrap elementor-element-populated\">\n\t\t\t\t\t\t<div class=\"elementor-element elementor-element-223c73e elementor-widget elementor-widget-spacer\" data-id=\"223c73e\" data-element_type=\"widget\" data-widget_type=\"spacer.default\">\n\t\t\t\t<div class=\"elementor-widget-container\">\n\t\t\t\t\t\t\t<div class=\"elementor-spacer\">\n\t\t\t<div class=\"elementor-spacer-inner\"><\/div>\n\t\t<\/div>\n\t\t\t\t\t\t<\/div>\n\t\t\t\t<\/div>\n\t\t\t\t\t<\/div>\n\t\t<\/div>\n\t\t\t\t\t<\/div>\n\t\t<\/section>\n\t\t\t\t<section class=\"elementor-section elementor-top-section elementor-element elementor-element-470179e elementor-section-boxed elementor-section-height-default elementor-section-height-default\" data-id=\"470179e\" data-element_type=\"section\">\n\t\t\t\t\t\t<div class=\"elementor-container elementor-column-gap-default\">\n\t\t\t\t\t<div class=\"elementor-column elementor-col-100 elementor-top-column elementor-element elementor-element-763d057\" data-id=\"763d057\" data-element_type=\"column\">\n\t\t\t<div class=\"elementor-widget-wrap elementor-element-populated\">\n\t\t\t\t\t\t<div class=\"elementor-element elementor-element-1eafb1e elementor-widget elementor-widget-heading\" data-id=\"1eafb1e\" data-element_type=\"widget\" data-widget_type=\"heading.default\">\n\t\t\t\t<div class=\"elementor-widget-container\">\n\t\t\t\t\t<h6 class=\"elementor-heading-title elementor-size-default\">Visione locale<\/h6>\t\t\t\t<\/div>\n\t\t\t\t<\/div>\n\t\t\t\t\t<\/div>\n\t\t<\/div>\n\t\t\t\t\t<\/div>\n\t\t<\/section>\n\t\t\t\t<section class=\"elementor-section elementor-top-section elementor-element elementor-element-6df48a0 elementor-section-boxed elementor-section-height-default elementor-section-height-default\" data-id=\"6df48a0\" data-element_type=\"section\">\n\t\t\t\t\t\t<div class=\"elementor-container elementor-column-gap-default\">\n\t\t\t\t\t<div class=\"elementor-column elementor-col-100 elementor-top-column elementor-element elementor-element-a944e1b\" data-id=\"a944e1b\" data-element_type=\"column\">\n\t\t\t<div class=\"elementor-widget-wrap elementor-element-populated\">\n\t\t\t\t\t\t<div class=\"elementor-element elementor-element-dfcab03 elementor-widget elementor-widget-text-editor\" data-id=\"dfcab03\" data-element_type=\"widget\" data-widget_type=\"text-editor.default\">\n\t\t\t\t<div class=\"elementor-widget-container\">\n\t\t\t\t\t\t\t\t\t<p>Poich\u00e9 Dio ci ha salvati con la sua grazia e ha cambiato le nostre vite, crediamo che ogni membro della congregazione debba condividere questa buona notizia con tutti i suoi entourage. A questo proposito, crediamo al vecchio detto:  Ogni Battista \u00e8 un missionario!\"<\/p><p>Il primo passo della Grande Commissione (<a href=\"https:\/\/www.biblestudytools.com\/riv\/matteo\/28-18.html\" target=\"_blank\" rel=\"noopener\">Matteo 28:18-20<\/a>), che \u00e8 l'opera affidata dal Signore Ges\u00f9 alla Sua assemblea, \u00e8 di portare il Vangelo alle persone non salvate. Ci\u00f2 presuppone che noi usciamo in mezzo al popolo. Perci\u00f2, noi non crediamo che la congregazione debba chiudersi tra muri, in edifici di chiesa, e aspettare che gli non salvati vengano nel mezzo di esso. La vera evangelizzazione si fa fuori dall'assemblea, tra il popolo. Perci\u00f2, la nostra assemblea cerca di portare il Vangelo alla gente dove si trova, utilizzando ogni opportunit\u00e0 per condividere la buona notizia. Crediamo in un incontro che faccia conoscere la sua presenza in mezzo alla comunit\u00e0, attraverso il messaggio evangelico che esso trasmette costantemente.<\/p><p>Poich\u00e9 comprendiamo l'Assemblea come un'istituzione vivente, un organismo e un corpo funzionale, in cui ogni membro \u00e8 attivo e serve secondo i doni che Dio gli ha conferito, consideriamo le riunioni dell'assemblea molto importanti per ogni membro, In esse ognuno ha la possibilit\u00e0 di servire Dio e di servire i suoi fratelli e sorelle di fede.<\/p><p>L'Assemblea \u00e8 il Tempio o la Casa di Dio, l'unico luogo autorizzato da Lui per il culto e il servizio pubblico. Un autentico incontro locale \u00e8 quindi una benedizione per il luogo in cui esiste. Uno degli scopi per cui fu lasciato sulla terra \u00e8 quello di raccogliere i salvati da un certo luogo, e insieme  adorare Dio e servirlo pubblicamente. \u00c8 un privilegio, ma anche un dovere, per ogni persona salvata cercare di diventare parte di una tale riunione.<\/p>\t\t\t\t\t\t\t\t<\/div>\n\t\t\t\t<\/div>\n\t\t\t\t\t<\/div>\n\t\t<\/div>\n\t\t\t\t\t<\/div>\n\t\t<\/section>\n\t\t\t\t<section class=\"elementor-section elementor-top-section elementor-element elementor-element-0ffa3bc elementor-section-boxed elementor-section-height-default elementor-section-height-default\" data-id=\"0ffa3bc\" data-element_type=\"section\">\n\t\t\t\t\t\t<div class=\"elementor-container elementor-column-gap-default\">\n\t\t\t\t\t<div class=\"elementor-column elementor-col-100 elementor-top-column elementor-element elementor-element-ce0d46a\" data-id=\"ce0d46a\" data-element_type=\"column\">\n\t\t\t<div class=\"elementor-widget-wrap elementor-element-populated\">\n\t\t\t\t\t\t<div class=\"elementor-element elementor-element-b812c8f elementor-widget elementor-widget-spacer\" data-id=\"b812c8f\" data-element_type=\"widget\" data-widget_type=\"spacer.default\">\n\t\t\t\t<div class=\"elementor-widget-container\">\n\t\t\t\t\t\t\t<div class=\"elementor-spacer\">\n\t\t\t<div class=\"elementor-spacer-inner\"><\/div>\n\t\t<\/div>\n\t\t\t\t\t\t<\/div>\n\t\t\t\t<\/div>\n\t\t\t\t\t<\/div>\n\t\t<\/div>\n\t\t\t\t\t<\/div>\n\t\t<\/section>\n\t\t\t\t<section class=\"elementor-section elementor-top-section elementor-element elementor-element-aee3f09 elementor-section-boxed elementor-section-height-default elementor-section-height-default\" data-id=\"aee3f09\" data-element_type=\"section\">\n\t\t\t\t\t\t<div class=\"elementor-container elementor-column-gap-default\">\n\t\t\t\t\t<div class=\"elementor-column elementor-col-100 elementor-top-column elementor-element elementor-element-ce5f0ee\" data-id=\"ce5f0ee\" data-element_type=\"column\">\n\t\t\t<div class=\"elementor-widget-wrap elementor-element-populated\">\n\t\t\t\t\t\t<div class=\"elementor-element elementor-element-82b3dfc elementor-widget elementor-widget-heading\" data-id=\"82b3dfc\" data-element_type=\"widget\" data-widget_type=\"heading.default\">\n\t\t\t\t<div class=\"elementor-widget-container\">\n\t\t\t\t\t<h6 class=\"elementor-heading-title elementor-size-default\">Visione nazionale<\/h6>\t\t\t\t<\/div>\n\t\t\t\t<\/div>\n\t\t\t\t\t<\/div>\n\t\t<\/div>\n\t\t\t\t\t<\/div>\n\t\t<\/section>\n\t\t\t\t<section class=\"elementor-section elementor-top-section elementor-element elementor-element-bc52179 elementor-section-boxed elementor-section-height-default elementor-section-height-default\" data-id=\"bc52179\" data-element_type=\"section\">\n\t\t\t\t\t\t<div class=\"elementor-container elementor-column-gap-default\">\n\t\t\t\t\t<div class=\"elementor-column elementor-col-100 elementor-top-column elementor-element elementor-element-5873eee\" data-id=\"5873eee\" data-element_type=\"column\">\n\t\t\t<div class=\"elementor-widget-wrap elementor-element-populated\">\n\t\t\t\t\t\t<div class=\"elementor-element elementor-element-eab7341 elementor-widget elementor-widget-text-editor\" data-id=\"eab7341\" data-element_type=\"widget\" data-widget_type=\"text-editor.default\">\n\t\t\t\t<div class=\"elementor-widget-container\">\n\t\t\t\t\t\t\t\t\t<p>Il nuovo modello testamentario per l'assemblea \u00e8 uno in cui ogni assemblea \u00e8 indipendente, autonoma. Noi non crediamo che le organizzazioni religiose sovramirali, come associazioni, sindacati, federazioni di chiese, ecc., siano bibliche, n\u00e9 che operino al di fuori dell'autorit\u00e0 di un'assemblea biblica locale. La pratica delle assemblee nelle Scritture, che applichiamo anche noi, \u00e8 che ogni nuova assemblea testamentaria \u00e8 libera di cooperare con le assemblee della stessa fede e pratica e di aiutarsi a far progredire il Regno di Cristo.<\/p><p>Vogliamo che il nostro paese sia benedetto con il maggior numero possibile di incontri sani, cio\u00e8 sale e luce spirituale in questa parte del mondo, e facciamo ogni sforzo per aiutare le persone a conoscere e partecipare a tali incontri.<\/p>\t\t\t\t\t\t\t\t<\/div>\n\t\t\t\t<\/div>\n\t\t\t\t\t<\/div>\n\t\t<\/div>\n\t\t\t\t\t<\/div>\n\t\t<\/section>\n\t\t\t\t<section class=\"elementor-section elementor-top-section elementor-element elementor-element-f6fcba1 elementor-section-boxed elementor-section-height-default elementor-section-height-default\" data-id=\"f6fcba1\" data-element_type=\"section\">\n\t\t\t\t\t\t<div class=\"elementor-container elementor-column-gap-default\">\n\t\t\t\t\t<div class=\"elementor-column elementor-col-100 elementor-top-column elementor-element elementor-element-1a0a6f9\" data-id=\"1a0a6f9\" data-element_type=\"column\">\n\t\t\t<div class=\"elementor-widget-wrap elementor-element-populated\">\n\t\t\t\t\t\t<div class=\"elementor-element elementor-element-023509d elementor-widget elementor-widget-spacer\" data-id=\"023509d\" data-element_type=\"widget\" data-widget_type=\"spacer.default\">\n\t\t\t\t<div class=\"elementor-widget-container\">\n\t\t\t\t\t\t\t<div class=\"elementor-spacer\">\n\t\t\t<div class=\"elementor-spacer-inner\"><\/div>\n\t\t<\/div>\n\t\t\t\t\t\t<\/div>\n\t\t\t\t<\/div>\n\t\t\t\t\t<\/div>\n\t\t<\/div>\n\t\t\t\t\t<\/div>\n\t\t<\/section>\n\t\t\t\t<section class=\"elementor-section elementor-top-section elementor-element elementor-element-f5f9f87 elementor-section-boxed elementor-section-height-default elementor-section-height-default\" data-id=\"f5f9f87\" data-element_type=\"section\">\n\t\t\t\t\t\t<div class=\"elementor-container elementor-column-gap-default\">\n\t\t\t\t\t<div class=\"elementor-column elementor-col-100 elementor-top-column elementor-element elementor-element-7649899\" data-id=\"7649899\" data-element_type=\"column\">\n\t\t\t<div class=\"elementor-widget-wrap elementor-element-populated\">\n\t\t\t\t\t\t<div class=\"elementor-element elementor-element-6f1b27d elementor-widget elementor-widget-heading\" data-id=\"6f1b27d\" data-element_type=\"widget\" data-widget_type=\"heading.default\">\n\t\t\t\t<div class=\"elementor-widget-container\">\n\t\t\t\t\t<h6 class=\"elementor-heading-title elementor-size-default\">Visione globale<\/h6>\t\t\t\t<\/div>\n\t\t\t\t<\/div>\n\t\t\t\t\t<\/div>\n\t\t<\/div>\n\t\t\t\t\t<\/div>\n\t\t<\/section>\n\t\t\t\t<section class=\"elementor-section elementor-top-section elementor-element elementor-element-d0277f7 elementor-section-boxed elementor-section-height-default elementor-section-height-default\" data-id=\"d0277f7\" data-element_type=\"section\">\n\t\t\t\t\t\t<div class=\"elementor-container elementor-column-gap-default\">\n\t\t\t\t\t<div class=\"elementor-column elementor-col-100 elementor-top-column elementor-element elementor-element-0a261ab\" data-id=\"0a261ab\" data-element_type=\"column\">\n\t\t\t<div class=\"elementor-widget-wrap elementor-element-populated\">\n\t\t\t\t\t\t<div class=\"elementor-element elementor-element-8f30c8a elementor-widget elementor-widget-text-editor\" data-id=\"8f30c8a\" data-element_type=\"widget\" data-widget_type=\"text-editor.default\">\n\t\t\t\t<div class=\"elementor-widget-container\">\n\t\t\t\t\t\t\t\t\t<p>Poich\u00e9 il piano del Signore Ges\u00f9 per l'Assemblea, illustrato nella Grande Commissione, \u00e8 globale, il Vangelo e le Sue assemblee devono raggiungere i confini della terra. Ogni assemblea locale, per quanto piccola, deve avere questa visione globale della sua missione sulla terra.<\/p><p>La nostra assemblea aiuta, sia finanziariamente che attraverso risorse umane e materiali spirituali, riunioni di sorelle e opere missionarie bibliche provenienti da tutto il mondo. La nostra assemblea si sforza anche di assicurare che il vangelo della grazia e i principali insegnamenti delle Scritture siano disponibili in quante pi\u00f9 lingue possibili. Finora, i nostri materiali sono tradotti e utilizzati in 15 lingue, in paesi di 6 continenti.<\/p><p>Per la grazia di Dio, faremo tutto il possibile per andare dove siamo chiamati a proclamare il Vangelo e insegnare alla gente tutto ci\u00f2 che nostro Signore ha comandato.<\/p>\t\t\t\t\t\t\t\t<\/div>\n\t\t\t\t<\/div>\n\t\t\t\t\t<\/div>\n\t\t<\/div>\n\t\t\t\t\t<\/div>\n\t\t<\/section>\n\t\t\t\t<\/div>","protected":false},"excerpt":{"rendered":"<p>Viziune local\u0103 Deoarece Dumnezeu, prin harul S\u0103u, ne-a m\u00e2ntuit \u0219i ne-a schimbat vie\u021bile, credem c\u0103 fiecare membru al adun\u0103rii trebuie<\/p>","protected":false},"author":1,"featured_media":0,"parent":0,"menu_order":0,"comment_status":"closed","ping_status":"closed","template":"","meta":{"footnotes":""},"class_list":["post-261","page","type-page","status-publish","hentry","comments-off"],"_links":{"self":[{"href":"https:\/\/harulsuveran.ro\/it\/wp-json\/wp\/v2\/pages\/261","targetHints":{"allow":["GET"]}}],"collection":[{"href":"https:\/\/harulsuveran.ro\/it\/wp-json\/wp\/v2\/pages"}],"about":[{"href":"https:\/\/harulsuveran.ro\/it\/wp-json\/wp\/v2\/types\/page"}],"author":[{"embeddable":true,"href":"https:\/\/harulsuveran.ro\/it\/wp-json\/wp\/v2\/users\/1"}],"replies":[{"embeddable":true,"href":"https:\/\/harulsuveran.ro\/it\/wp-json\/wp\/v2\/comments?post=261"}],"version-history":[{"count":0,"href":"https:\/\/harulsuveran.ro\/it\/wp-json\/wp\/v2\/pages\/261\/revisions"}],"wp:attachment":[{"href":"https:\/\/harulsuveran.ro\/it\/wp-json\/wp\/v2\/media?parent=261"}],"curies":[{"name":"wp","href":"https:\/\/api.w.org\/{rel}","templated":true}]}}