{"id":274,"date":"2020-12-12T11:04:49","date_gmt":"2020-12-12T08:04:49","guid":{"rendered":"https:\/\/harulsuveran.ro\/?page_id=274"},"modified":"2020-12-12T11:04:49","modified_gmt":"2020-12-12T08:04:49","slug":"misiune","status":"publish","type":"page","link":"https:\/\/harulsuveran.ro\/it\/misiune\/","title":{"rendered":"Missione"},"content":{"rendered":"<div data-elementor-type=\"wp-page\" data-elementor-id=\"274\" class=\"elementor elementor-274\">\n\t\t\t\t\t\t<section class=\"elementor-section elementor-top-section elementor-element elementor-element-0f1ad68 elementor-section-boxed elementor-section-height-default elementor-section-height-default\" data-id=\"0f1ad68\" data-element_type=\"section\">\n\t\t\t\t\t\t<div class=\"elementor-container elementor-column-gap-default\">\n\t\t\t\t\t<div class=\"elementor-column elementor-col-100 elementor-top-column elementor-element elementor-element-4721795\" data-id=\"4721795\" data-element_type=\"column\">\n\t\t\t<div class=\"elementor-widget-wrap elementor-element-populated\">\n\t\t\t\t\t\t<div class=\"elementor-element elementor-element-cfb0250 elementor-widget elementor-widget-spacer\" data-id=\"cfb0250\" data-element_type=\"widget\" data-widget_type=\"spacer.default\">\n\t\t\t\t<div class=\"elementor-widget-container\">\n\t\t\t\t\t\t\t<div class=\"elementor-spacer\">\n\t\t\t<div class=\"elementor-spacer-inner\"><\/div>\n\t\t<\/div>\n\t\t\t\t\t\t<\/div>\n\t\t\t\t<\/div>\n\t\t\t\t\t<\/div>\n\t\t<\/div>\n\t\t\t\t\t<\/div>\n\t\t<\/section>\n\t\t\t\t<section class=\"elementor-section elementor-top-section elementor-element elementor-element-e875bec elementor-section-boxed elementor-section-height-default elementor-section-height-default\" data-id=\"e875bec\" data-element_type=\"section\">\n\t\t\t\t\t\t<div class=\"elementor-container elementor-column-gap-default\">\n\t\t\t\t\t<div class=\"elementor-column elementor-col-100 elementor-top-column elementor-element elementor-element-1a6e727\" data-id=\"1a6e727\" data-element_type=\"column\">\n\t\t\t<div class=\"elementor-widget-wrap elementor-element-populated\">\n\t\t\t\t\t\t<div class=\"elementor-element elementor-element-758e4b0 elementor-widget elementor-widget-heading\" data-id=\"758e4b0\" data-element_type=\"widget\" data-widget_type=\"heading.default\">\n\t\t\t\t<div class=\"elementor-widget-container\">\n\t\t\t\t\t<h6 class=\"elementor-heading-title elementor-size-default\">Nel paese<\/h6>\t\t\t\t<\/div>\n\t\t\t\t<\/div>\n\t\t\t\t\t<\/div>\n\t\t<\/div>\n\t\t\t\t\t<\/div>\n\t\t<\/section>\n\t\t\t\t<section class=\"elementor-section elementor-top-section elementor-element elementor-element-d956656 elementor-section-boxed elementor-section-height-default elementor-section-height-default\" data-id=\"d956656\" data-element_type=\"section\">\n\t\t\t\t\t\t<div class=\"elementor-container elementor-column-gap-default\">\n\t\t\t\t\t<div class=\"elementor-column elementor-col-100 elementor-top-column elementor-element elementor-element-468c2fd\" data-id=\"468c2fd\" data-element_type=\"column\">\n\t\t\t<div class=\"elementor-widget-wrap elementor-element-populated\">\n\t\t\t\t\t\t<div class=\"elementor-element elementor-element-60e16df elementor-widget elementor-widget-text-editor\" data-id=\"60e16df\" data-element_type=\"widget\" data-widget_type=\"text-editor.default\">\n\t\t\t\t<div class=\"elementor-widget-container\">\n\t\t\t\t\t\t\t\t\t<p><b>Punti di missione.<\/b> Attualmente, il nostro incontro ha 5 sedi dove ci sono incontri regolari: Boc\u0219a (jud. Cara\u0219 Severin), Filia\u0219i (jud. Dolj), Bucarest, Timi\u0219oara, Bac\u0103u. Se desiderate partecipare ai nostri incontri, identificate la sede pi\u00f9 vicina (vedi sezione Contatti\/Sedi) e contattateci.<\/p><p><b>Viaggi missionari.<\/b>\u00a0Facciamo regolarmente viaggi missionari nel paese e visitiamo tutti coloro che desiderano incontrarci. Se desiderate essere visitati, o iniziare un lavoro di missione nella vostra zona, vi preghiamo di contattarci.<\/p><p><b>Conferenze.<\/b>\u00a0Ogni anno, il nostro incontro organizza conferenze bibliche a Bocsa e Bucarest. Presto organizzeremo conferenze in altre citt\u00e0 del paese. Se desiderate partecipare, vi preghiamo di contattarci per comunicare le date e i luoghi.<\/p><p><b>Distribuzione della letteratura.<\/b> I nostri missionari distribuiscono regolarmente la letteratura evangelistica, lasciando il messaggio della Buona Notizia alla gente. Finora la letteratura \u00e8 stata distribuita in circa 300 localit\u00e0 della Romania e in 116 di esse \u00e8 stata distribuita di casa in casa. Offriamo anche gratuitamente letteratura evangelistica, nei limiti delle scorte disponibili, a coloro che desiderano distribuire.<\/p>\t\t\t\t\t\t\t\t<\/div>\n\t\t\t\t<\/div>\n\t\t\t\t\t<\/div>\n\t\t<\/div>\n\t\t\t\t\t<\/div>\n\t\t<\/section>\n\t\t\t\t<section class=\"elementor-section elementor-top-section elementor-element elementor-element-ba7b870 elementor-section-boxed elementor-section-height-default elementor-section-height-default\" data-id=\"ba7b870\" data-element_type=\"section\">\n\t\t\t\t\t\t<div class=\"elementor-container elementor-column-gap-default\">\n\t\t\t\t\t<div class=\"elementor-column elementor-col-100 elementor-top-column elementor-element elementor-element-4ac1af5\" data-id=\"4ac1af5\" data-element_type=\"column\">\n\t\t\t<div class=\"elementor-widget-wrap elementor-element-populated\">\n\t\t\t\t\t\t<div class=\"elementor-element elementor-element-9fba0cd elementor-widget elementor-widget-spacer\" data-id=\"9fba0cd\" data-element_type=\"widget\" data-widget_type=\"spacer.default\">\n\t\t\t\t<div class=\"elementor-widget-container\">\n\t\t\t\t\t\t\t<div class=\"elementor-spacer\">\n\t\t\t<div class=\"elementor-spacer-inner\"><\/div>\n\t\t<\/div>\n\t\t\t\t\t\t<\/div>\n\t\t\t\t<\/div>\n\t\t\t\t\t<\/div>\n\t\t<\/div>\n\t\t\t\t\t<\/div>\n\t\t<\/section>\n\t\t\t\t<section class=\"elementor-section elementor-top-section elementor-element elementor-element-03e92e9 elementor-section-boxed elementor-section-height-default elementor-section-height-default\" data-id=\"03e92e9\" data-element_type=\"section\">\n\t\t\t\t\t\t<div class=\"elementor-container elementor-column-gap-default\">\n\t\t\t\t\t<div class=\"elementor-column elementor-col-100 elementor-top-column elementor-element elementor-element-69d56da\" data-id=\"69d56da\" data-element_type=\"column\">\n\t\t\t<div class=\"elementor-widget-wrap elementor-element-populated\">\n\t\t\t\t\t\t<div class=\"elementor-element elementor-element-079084d elementor-widget elementor-widget-heading\" data-id=\"079084d\" data-element_type=\"widget\" data-widget_type=\"heading.default\">\n\t\t\t\t<div class=\"elementor-widget-container\">\n\t\t\t\t\t<h6 class=\"elementor-heading-title elementor-size-default\">All'estero<\/h6>\t\t\t\t<\/div>\n\t\t\t\t<\/div>\n\t\t\t\t\t<\/div>\n\t\t<\/div>\n\t\t\t\t\t<\/div>\n\t\t<\/section>\n\t\t\t\t<section class=\"elementor-section elementor-top-section elementor-element elementor-element-a2bb059 elementor-section-boxed elementor-section-height-default elementor-section-height-default\" data-id=\"a2bb059\" data-element_type=\"section\">\n\t\t\t\t\t\t<div class=\"elementor-container elementor-column-gap-default\">\n\t\t\t\t\t<div class=\"elementor-column elementor-col-100 elementor-top-column elementor-element elementor-element-3c7a12c\" data-id=\"3c7a12c\" data-element_type=\"column\">\n\t\t\t<div class=\"elementor-widget-wrap elementor-element-populated\">\n\t\t\t\t\t\t<div class=\"elementor-element elementor-element-3bf22f4 elementor-widget elementor-widget-text-editor\" data-id=\"3bf22f4\" data-element_type=\"widget\" data-widget_type=\"text-editor.default\">\n\t\t\t\t<div class=\"elementor-widget-container\">\n\t\t\t\t\t\t\t\t\t<p><b>Aiutare alcuni incontri e lavori missionari.<\/b> La nostra Assemblea sostiene e assiste il lavoro missionario in Per\u00f9, Cuba, Nepal e nelle Filippine.<\/p><p><b>Viaggi missionari.<\/b>\u00a0Finora sono stati effettuati viaggi missionari in: Bulgaria, Austria, Germania, Belgio, Italia, Ucraina, Russia, Stati Uniti d'America e Per\u00f9. Seguendo gli inviti, preghiamo di poter fare viaggi missionari nei seguenti paesi: Irlanda, Filippine, India, Nepal, Pakistan, Messico, Cuba, Nigeria, Sierra Leone e Uganda.<\/p><p><b>Conferenze.<\/b>\u00a0Finora, la nostra assemblea, attraverso i suoi servi, ha partecipato a conferenze bibliche negli Stati Uniti, in Per\u00f9, in Ucraina e in Germania.<\/p><p><b>Distribuzione della letteratura.<\/b>\u00a0Se vivi fuori dalla Romania e vuoi ricevere la nostra letteratura, ti preghiamo di contattarci. Entro i limiti delle possibilit\u00e0, ti invieremo la letteratura gratuitamente.<\/p>\t\t\t\t\t\t\t\t<\/div>\n\t\t\t\t<\/div>\n\t\t\t\t\t<\/div>\n\t\t<\/div>\n\t\t\t\t\t<\/div>\n\t\t<\/section>\n\t\t\t\t<\/div>","protected":false},"excerpt":{"rendered":"<p>\u00cen \u021bar\u0103 Puncte de misiune. \u00cen prezent, adunarea noastr\u0103 are 5 loca\u021bii unde exist\u0103 \u00eentruniri regulate: Boc\u0219a (jud. Cara\u0219 Severin),<\/p>","protected":false},"author":1,"featured_media":0,"parent":0,"menu_order":0,"comment_status":"closed","ping_status":"closed","template":"","meta":{"footnotes":""},"class_list":["post-274","page","type-page","status-publish","hentry","comments-off"],"_links":{"self":[{"href":"https:\/\/harulsuveran.ro\/it\/wp-json\/wp\/v2\/pages\/274","targetHints":{"allow":["GET"]}}],"collection":[{"href":"https:\/\/harulsuveran.ro\/it\/wp-json\/wp\/v2\/pages"}],"about":[{"href":"https:\/\/harulsuveran.ro\/it\/wp-json\/wp\/v2\/types\/page"}],"author":[{"embeddable":true,"href":"https:\/\/harulsuveran.ro\/it\/wp-json\/wp\/v2\/users\/1"}],"replies":[{"embeddable":true,"href":"https:\/\/harulsuveran.ro\/it\/wp-json\/wp\/v2\/comments?post=274"}],"version-history":[{"count":0,"href":"https:\/\/harulsuveran.ro\/it\/wp-json\/wp\/v2\/pages\/274\/revisions"}],"wp:attachment":[{"href":"https:\/\/harulsuveran.ro\/it\/wp-json\/wp\/v2\/media?parent=274"}],"curies":[{"name":"wp","href":"https:\/\/api.w.org\/{rel}","templated":true}]}}