{"id":283,"date":"2020-12-12T11:14:03","date_gmt":"2020-12-12T08:14:03","guid":{"rendered":"https:\/\/harulsuveran.ro\/?page_id=283"},"modified":"2025-04-01T22:20:37","modified_gmt":"2025-04-01T20:20:37","slug":"tipografie","status":"publish","type":"page","link":"https:\/\/harulsuveran.ro\/it\/tipografie\/","title":{"rendered":"Tipografia"},"content":{"rendered":"<div data-elementor-type=\"wp-page\" data-elementor-id=\"283\" class=\"elementor elementor-283\">\n\t\t\t\t\t\t<section class=\"elementor-section elementor-top-section elementor-element elementor-element-72ad3bd elementor-section-boxed elementor-section-height-default elementor-section-height-default\" data-id=\"72ad3bd\" data-element_type=\"section\">\n\t\t\t\t\t\t<div class=\"elementor-container elementor-column-gap-default\">\n\t\t\t\t\t<div class=\"elementor-column elementor-col-100 elementor-top-column elementor-element elementor-element-7116358\" data-id=\"7116358\" data-element_type=\"column\">\n\t\t\t<div class=\"elementor-widget-wrap elementor-element-populated\">\n\t\t\t\t\t\t<div class=\"elementor-element elementor-element-bd6ff97 elementor-widget elementor-widget-spacer\" data-id=\"bd6ff97\" data-element_type=\"widget\" data-widget_type=\"spacer.default\">\n\t\t\t\t<div class=\"elementor-widget-container\">\n\t\t\t\t\t\t\t<div class=\"elementor-spacer\">\n\t\t\t<div class=\"elementor-spacer-inner\"><\/div>\n\t\t<\/div>\n\t\t\t\t\t\t<\/div>\n\t\t\t\t<\/div>\n\t\t\t\t\t<\/div>\n\t\t<\/div>\n\t\t\t\t\t<\/div>\n\t\t<\/section>\n\t\t\t\t<section class=\"elementor-section elementor-top-section elementor-element elementor-element-85c6920 elementor-section-boxed elementor-section-height-default elementor-section-height-default\" data-id=\"85c6920\" data-element_type=\"section\">\n\t\t\t\t\t\t<div class=\"elementor-container elementor-column-gap-default\">\n\t\t\t\t\t<div class=\"elementor-column elementor-col-100 elementor-top-column elementor-element elementor-element-570dec9\" data-id=\"570dec9\" data-element_type=\"column\">\n\t\t\t<div class=\"elementor-widget-wrap elementor-element-populated\">\n\t\t\t\t\t\t<div class=\"elementor-element elementor-element-a0c6b6e elementor-widget elementor-widget-image\" data-id=\"a0c6b6e\" data-element_type=\"widget\" data-widget_type=\"image.default\">\n\t\t\t\t<div class=\"elementor-widget-container\">\n\t\t\t\t\t\t\t\t\t\t\t\t\t\t\t\t<a href=\"https:\/\/drive.google.com\/file\/d\/1FmuBT0UqD5zFxjEFZvXzX0G784JI4_lu\/view?usp=sharing\" target=\"_blank\">\n\t\t\t\t\t\t\t<img fetchpriority=\"high\" decoding=\"async\" width=\"768\" height=\"324\" src=\"https:\/\/harulsuveran.ro\/wp-content\/uploads\/2025\/04\/printing_press_cover@3x.png\" class=\"attachment-full size-full wp-image-19858\" alt=\"\" srcset=\"https:\/\/harulsuveran.ro\/wp-content\/uploads\/2025\/04\/printing_press_cover@3x.png 768w, https:\/\/harulsuveran.ro\/wp-content\/uploads\/2025\/04\/printing_press_cover@3x-300x127.png 300w, https:\/\/harulsuveran.ro\/wp-content\/uploads\/2025\/04\/printing_press_cover@3x-18x8.png 18w\" sizes=\"(max-width: 768px) 100vw, 768px\" \/>\t\t\t\t\t\t\t\t<\/a>\n\t\t\t\t\t\t\t\t\t\t\t\t\t\t\t<\/div>\n\t\t\t\t<\/div>\n\t\t\t\t\t<\/div>\n\t\t<\/div>\n\t\t\t\t\t<\/div>\n\t\t<\/section>\n\t\t\t\t<section class=\"elementor-section elementor-top-section elementor-element elementor-element-5e09c17 elementor-section-boxed elementor-section-height-default elementor-section-height-default\" data-id=\"5e09c17\" data-element_type=\"section\">\n\t\t\t\t\t\t<div class=\"elementor-container elementor-column-gap-default\">\n\t\t\t\t\t<div class=\"elementor-column elementor-col-100 elementor-top-column elementor-element elementor-element-8380843\" data-id=\"8380843\" data-element_type=\"column\">\n\t\t\t<div class=\"elementor-widget-wrap elementor-element-populated\">\n\t\t\t\t\t\t<div class=\"elementor-element elementor-element-46a5eb3 elementor-widget elementor-widget-text-editor\" data-id=\"46a5eb3\" data-element_type=\"widget\" data-widget_type=\"text-editor.default\">\n\t\t\t\t<div class=\"elementor-widget-container\">\n\t\t\t\t\t\t\t\t\t<p>Il lavoro di stampa e distribuzione gratuita della letteratura, gestito dalla <i>Fondazione Mantachie<\/i>, \u00e8 sotto l'autorit\u00e0 <i>dell'Assemblea Battista \u201cGrazia Sovrana\u201d<\/i> di Bocsa e rappresenta lo sforzo congiunto della nostra assemblea e delle altre assemblee sorelle per raggiungere quante pi\u00f9 persone possibile con il Vangelo e le verit\u00e0 delle Scritture.<\/p><p>Le prime traduzioni e stampe sono iniziate nel 1999, quando il missionario Curtis Pugh si trasfer\u00ec in Romania, ma il lavoro vero e proprio \u00e8 iniziato nel 2002, quando fu acquistata la prima attrezzatura per la stampa. Da allora la tipografia ha lavorato in continuazione, il numero delle pubblicazioni stampate e distribuite \u00e8 sempre aumentato, tanto che oggi, il nostro raduno opera una delle pi\u00f9 grandi tipografie storiche battista al mondo.<\/p><p>Ad oggi, sono stati stampati e distribuiti pi\u00f9 di 50 opuscoli in 1.000.000 copie e pi\u00f9 di 20 titoli di libri, in quasi 100.000 copie. Inoltre, abbiamo distribuito decine di migliaia di Bibbie e Nuovi Testamenti, sia in formato stampato che in formato audio e oltre 20.000 CD e DVD audio e video con sermoni, studi biblici e musica cristiana. La maggior parte dei materiali sono stati stampati in rumeno, ma abbiamo anche stampato i materiali in inglese, tedesco e russo. Questi materiali sono disponibili gratuitamente e possono essere consultati anche in forma elettronica, nella sezione \u201e<a href=\"https:\/\/harulsuveran.ro\/it\/biblioteca\/\" target=\"_blank\" rel=\"noopener\">Biblioteca<\/a>\u201d.<\/p><p>Vedendo negli anni l'importanza di un lavoro di stampa per una raccolta biblica, e attraverso l'esperienza acquisita, vogliamo aiutare altre raccolte sviluppare un piano di stampa della letteratura a lungo termine. Maggiori informazioni sullo sviluppo di un lavoro di stampa della letteratura possono essere rovate <a href=\"https:\/\/drive.google.com\/file\/d\/1SPhc-TOT0jllEgLHXOs-0LXUtQBGrOoi\/view?usp=sharing\" target=\"_blank\" rel=\"noopener\">qui<\/a>.<\/p><p>Se desiderate ricevere gratuitamente i materiali da noi stampati, consultate il catalogo di letteratura gratuito disponibile <a href=\"https:\/\/drive.google.com\/file\/d\/1zeqWTBjrXV41FoepnEe-OWla3hsGUDCO\/view?usp=sharing\" target=\"_blank\" rel=\"noopener\">qui<\/a> e contattateci.<\/p>\t\t\t\t\t\t\t\t<\/div>\n\t\t\t\t<\/div>\n\t\t\t\t\t<\/div>\n\t\t<\/div>\n\t\t\t\t\t<\/div>\n\t\t<\/section>\n\t\t\t\t<\/div>","protected":false},"excerpt":{"rendered":"<p>Lucrarea de tip\u0103rire \u0219i distribuire gratuit\u0103 de literatur\u0103, operat\u0103 de Funda\u021bia Mantachie, se afl\u0103 sub autoritatea Adun\u0103rii baptiste Harul Suveran<\/p>","protected":false},"author":1,"featured_media":0,"parent":0,"menu_order":0,"comment_status":"closed","ping_status":"closed","template":"","meta":{"footnotes":""},"class_list":["post-283","page","type-page","status-publish","hentry","comments-off"],"_links":{"self":[{"href":"https:\/\/harulsuveran.ro\/it\/wp-json\/wp\/v2\/pages\/283","targetHints":{"allow":["GET"]}}],"collection":[{"href":"https:\/\/harulsuveran.ro\/it\/wp-json\/wp\/v2\/pages"}],"about":[{"href":"https:\/\/harulsuveran.ro\/it\/wp-json\/wp\/v2\/types\/page"}],"author":[{"embeddable":true,"href":"https:\/\/harulsuveran.ro\/it\/wp-json\/wp\/v2\/users\/1"}],"replies":[{"embeddable":true,"href":"https:\/\/harulsuveran.ro\/it\/wp-json\/wp\/v2\/comments?post=283"}],"version-history":[{"count":3,"href":"https:\/\/harulsuveran.ro\/it\/wp-json\/wp\/v2\/pages\/283\/revisions"}],"predecessor-version":[{"id":19876,"href":"https:\/\/harulsuveran.ro\/it\/wp-json\/wp\/v2\/pages\/283\/revisions\/19876"}],"wp:attachment":[{"href":"https:\/\/harulsuveran.ro\/it\/wp-json\/wp\/v2\/media?parent=283"}],"curies":[{"name":"wp","href":"https:\/\/api.w.org\/{rel}","templated":true}]}}